{"id":2226,"date":"2023-11-07T12:20:47","date_gmt":"2023-11-07T12:20:47","guid":{"rendered":"https:\/\/sentus.net\/?page_id=2226"},"modified":"2023-11-07T12:21:38","modified_gmt":"2023-11-07T12:21:38","slug":"mobile-app-development","status":"publish","type":"page","link":"https:\/\/sentus.net\/lv\/mobile-app-development\/","title":{"rendered":"Mobile App Development"},"content":{"rendered":"<p><!-- Start Service Area  --><br \/>\n                                                            Pakalpojumi<\/p>\n<h3>T\u012bmek\u013ca risin\u0101jumi augo\u0161iem uz\u0146\u0113mumiem<\/h3>\n<p>M\u016bsdienu tehnolo\u0123ijas ir sare\u017e\u0123\u012btas un past\u0101v\u012bgi main\u0101s, ta\u010du t\u0101m nav pievienota lieto\u0161anas instrukcija. SENTUS m\u0113r\u0137is ir to nov\u0113rst, nodro\u0161inot personisku, ekspertu IT atbalstu un skaistas, ar rok\u0101m veidotas vietnes.<\/p>\n<p>                                                                    <a href=\"https:\/\/sentus.net\/lv\/web-development\/wordpress-development\/\"  ><\/p>\n<h3>WordPress izstr\u0101de<\/h3>\n<p>Control your content and build beautiful, powerful solutions on the world&#8217;s leading CMS.<\/p>\n<p>                                 <\/a><br \/>\n                                                                    <a href=\"https:\/\/sentus.net\/lv\/web-development\/ecommerce-development\/\"  ><\/p>\n<h3>E-komercija<\/h3>\n<p>Att\u012bstiet savu biznesu, p\u0101rdodot preces un pakalpojumus tie\u0161saistes veikal\u0101.<\/p>\n<p>                                 <\/a><br \/>\n                                                                    <a href=\"https:\/\/sentus.net\/lv\/web-development\/responsive-design\/\"  ><\/p>\n<h3>Unik\u0101la Dizaina Risin\u0101jumi<\/h3>\n<p>Pievienojiet savai vietnei adapt\u012bvu mobilo sl\u0101ni. Nelieciet apmekl\u0113t\u0101jiem kniebties, tuvin\u0101t un \u0161\u0137iel\u0113t.<\/p>\n<p>                                 <\/a><br \/>\n                                                                    <a href=\"https:\/\/sentus.net\/lv\/web-development\/custom-application-development\/\"  ><\/p>\n<h3>Piel\u0101gotu lietojumprogrammu izstr\u0101de<\/h3>\n<p>Atkl\u0101jiet priek\u0161roc\u012bbas, ko sniedz piel\u0101gotas t\u012bmek\u013ca lietojumprogrammas, kas piel\u0101gotas j\u016bsu organiz\u0101cijas vajadz\u012bb\u0101m.<\/p>\n<p>                                 <\/a><br \/>\n                                                                    <a href=\"https:\/\/sentus.net\/lv\/web-development\/web-security\/\"  ><\/p>\n<h3>T\u012bmek\u013ca Dro\u0161\u012bbas Risin\u0101jumi<\/h3>\n<p>Aizsarg\u0101jiet savus datus un reput\u0101ciju no hakeriem un dro\u0161\u012bbas p\u0101rk\u0101pumiem.<\/p>\n<p>                                 <\/a><br \/>\n                                                                    <a href=\"#\"  ><\/p>\n<h3>E-pasta m\u0101rketings<\/h3>\n<p>Tirgojiet savu uz\u0146\u0113mumu, izmantojot jaud\u012bgus, skaistus e-pasta bi\u013cetenus. Izsekojiet efektivit\u0101ti, izmantojot anal\u012bzi.<\/p>\n<p>                                 <\/a><br \/>\n                                                                    <a href=\"https:\/\/sentus.net\/lv\/web-development\/graphic-print-design\/\"  ><\/p>\n<h3>Grafiskais un drukas dizains<\/h3>\n<p>M\u0113s veidojam skaistu grafisko dizainu un druk\u0101tos materi\u0101lus. Viz\u012btkartes, gada p\u0101rskati, bro\u0161\u016bras utt.<\/p>\n<p>                                 <\/a><br \/>\n                                                                    <a href=\"#\"  ><\/p>\n<h3>Biznesa automatiz\u0101cija<\/h3>\n<p>Ieg\u016bstiet jaunus klientus, atbildiet uz potenci\u0101lajiem klientiem un veiciet p\u0101rdo\u0161anu 24 stundas diennakt\u012b.\n<\/p>\n<p>                                 <\/a><br \/>\n                                                                    <a href=\"#\"  ><\/p>\n<h3>A\u0123ent\u016br\u0101m<\/h3>\n<p>Vai j\u016bs vad\u0101t a\u0123ent\u016bru? Sa\u0146emiet viet\u0113jo att\u012bst\u012bbas komandu, kas velt\u012bta j\u016bsu projektiem.\n<\/p>\n<p>                                 <\/a><br \/>\n        <!-- Start Service Area  --><\/p>\n<h2>Sa\u0146emiet bezmaksas tie\u0161saistes konsult\u0101ciju!<\/h2>\n<p>\t\t\n<div class=\"wpcf7 no-js\" id=\"wpcf7-f1822-o1\" lang=\"en-US\" dir=\"ltr\">\n<div class=\"screen-reader-response\"><p role=\"status\" aria-live=\"polite\" aria-atomic=\"true\"><\/p> <ul><\/ul><\/div>\n<form action=\"\/lv\/wp-json\/wp\/v2\/pages\/2226#wpcf7-f1822-o1\" method=\"post\" class=\"wpcf7-form init\" aria-label=\"Contact form\" novalidate=\"novalidate\" data-status=\"init\" data-trp-original-action=\"\/lv\/wp-json\/wp\/v2\/pages\/2226#wpcf7-f1822-o1\">\n<div style=\"display: none;\">\n<input type=\"hidden\" name=\"_wpcf7\" value=\"1822\" \/>\n<input type=\"hidden\" name=\"_wpcf7_version\" value=\"5.8\" \/>\n<input type=\"hidden\" name=\"_wpcf7_locale\" value=\"en_US\" \/>\n<input type=\"hidden\" name=\"_wpcf7_unit_tag\" value=\"wpcf7-f1822-o1\" \/>\n<input type=\"hidden\" name=\"_wpcf7_container_post\" value=\"0\" \/>\n<input type=\"hidden\" name=\"_wpcf7_posted_data_hash\" value=\"\" \/>\n<input type=\"hidden\" name=\"_wpcf7_recaptcha_response\" value=\"\" \/>\n<\/div>\n<div class=\"form-wrap\">\n<div class=\"input-wrap\">\n<label>\n<span class=\"wpcf7-form-control-wrap\" data-name=\"your-name\"><input size=\"40\" class=\"wpcf7-form-control wpcf7-text wpcf7-validates-as-required\" aria-required=\"true\" aria-invalid=\"false\" placeholder=\"J\u016bsu v\u0101rds *\" value=\"\" type=\"text\" name=\"your-name\" \/><\/span>\n<\/label>\n\n<label>\n<span class=\"wpcf7-form-control-wrap\" data-name=\"phonetext-603\"><input size=\"40\" class=\"wpcf7-form-control wpcf7-phonetext wpcf7-validates-as-required wpcf7-text wpcf7-validates-as-phonetext\" aria-required=\"true\" aria-invalid=\"false\" placeholder=\"Phone number *\" value=\"\" type=\"text\" name=\"phonetext-603\" \/><input type=\"hidden\" name=\"phonetext-603-country-code\" class=\"wpcf7-phonetext-country-code\" \/><\/span>\n<\/label>\n\n<label>\n<span class=\"wpcf7-form-control-wrap\" data-name=\"your-email\"><input size=\"40\" class=\"wpcf7-form-control wpcf7-email wpcf7-validates-as-required wpcf7-text wpcf7-validates-as-email\" aria-required=\"true\" aria-invalid=\"false\" placeholder=\"J\u016bsu e-pasts *\" value=\"\" type=\"email\" name=\"your-email\" \/><\/span>\n<\/label>\n<\/div>\n\n<button type=\"submit\" class=\"rn-button-style--2 btn_solid\"> <span>Sa\u0146emiet konsult\u0101ciju!<\/span> <\/button>\n<\/div><div class=\"wpcf7-response-output\" aria-hidden=\"true\"><\/div>\n<input type=\"hidden\" name=\"trp-form-language\" value=\"lv\"\/><\/form>\n<\/div>\n<br \/>\n\t\t\t        <!-- Start Slider Area  --><br \/>\n            <!-- Start Single Slide  --><br \/>\n                                                                    M\u016aSU PILN\u012aB\u0100 P\u0100RVALD\u012aTAIS IT ATBALSTS ATRISINA J\u016aSU BIZNESA PROBL\u0112MAS<\/p>\n<h3>M\u0113s nov\u0113rt\u0113jam savus klientus un lielisku servisu<\/h3>\n<p>M\u016bsu datoru atbalsts un p\u0101rvald\u012btie IT pakalpojumi sniedz jums br\u012bv\u012bbu koncentr\u0113ties uz savu pamatdarb\u012bbu. Mums ir tehnisk\u0101s un biznesa zin\u0101\u0161anas, lai nodro\u0161in\u0101tu j\u016bsu sist\u0113mu nevainojamu darb\u012bbu, j\u016bsu datu aizsardz\u012bbu, palielin\u0101tu j\u016bsu aizsardz\u012bbu pret kiberapdraud\u0113jumu un \u012bstenotu av\u0101rijas seku nov\u0113r\u0161anas pl\u0101nu, kam\u0113r j\u016bsu komanda joproj\u0101m ir efekt\u012bva, efekt\u012bva un rentabla. M\u016bsu IT atbalsta uz\u0146\u0113mums ir pietiekami liels, lai apmierin\u0101tu visas j\u016bsu tehnolo\u0123iju vajadz\u012bbas, un pietiekami mazs, lai sniegtu jums peln\u012bto individu\u0101lo uzman\u012bbu.<\/p>\n<p>                                        <a href=\"https:\/\/sentus.net\/lv\/contact\/\">Bezmaksas konsult\u0101cija<\/a><br \/>\n            <!-- End Single Slide  --><\/p>\n<h1>\n<h3 style=\"color: rgb(47, 47, 47);\">Beyond&nbsp;design&nbsp;and&nbsp;programming<\/h4>\n<\/h1>\n<p>\t\t\t\t\t\t\t\t\t\t\t\t\t\t\t<img decoding=\"async\" width=\"640\" height=\"470\" src=\"https:\/\/sentus.net\/wp-content\/uploads\/2021\/07\/ucb-desktop-1024x752.jpg\" alt=\"\" loading=\"lazy\" srcset=\"https:\/\/sentus.net\/wp-content\/uploads\/2021\/07\/ucb-desktop-1024x752.jpg 1024w, https:\/\/sentus.net\/wp-content\/uploads\/2021\/07\/ucb-desktop-300x220.jpg 300w, https:\/\/sentus.net\/wp-content\/uploads\/2021\/07\/ucb-desktop-768x564.jpg 768w, https:\/\/sentus.net\/wp-content\/uploads\/2021\/07\/ucb-desktop.jpg 1225w\" sizes=\"auto, (max-width: 640px) 100vw, 640px\" \/>\t\t\t\t\t\t\t\t\t\t\t\t\t\t\t<\/p>\n<h2>\n<h4 style=\"margin-bottom: 0px; padding: 0px; list-style: none;  line-height: 1; color: rgb(249, 25, 66); font-size: 34px; position: relative; letter-spacing: 0.3px; outline: none !important;\">Publish your content&nbsp;easily<\/h4>\n<\/h2>\n<p>M\u016bsu piel\u0101got\u0101 satura p\u0101rvald\u012bbas sist\u0113ma ir balst\u012bta uz lietot\u0101jam draudz\u012bgu WordPress tehnolo\u0123iju, kas \u013cauj viegli un \u0101tri public\u0113t no jebkuras vietas. Nav nepiecie\u0161ama programm\u0113\u0161ana vai programmat\u016bra.<\/p>\n<h2>\n<h2 data-elementor-setting-key=\"title\" data-pen-placeholder=\"Type Here...\" style=\"font-size: var(--h2);\">\n<h4 style=\"margin-bottom: 0px; line-height: 1; font-size: 34px; color: rgb(249, 25, 66); padding: 0px; list-style: none; position: relative; letter-spacing: 0.3px; outline: none !important;\">Sell your products, services, and digital goods  online<\/h4>\n<\/h2>\n<\/h2>\n<p>M\u0113s veidojam jaud\u012bgas un dro\u0161as e-komercijas sist\u0113mas, lai j\u016bs var\u0113tu viegli un dro\u0161i veikt un p\u0101rvald\u012bt p\u0101rdo\u0161anu. Izveidojiet savu biznesu tie\u0161saist\u0113, veiciniet p\u0101rdo\u0161anu un uzlabojiet m\u0101rketingu, izmantojot m\u016bsu r\u012bkus un konsult\u0101cijas.<\/p>\n<p>\t\t\t\t\t\t\t\t\t\t\t\t\t\t\t<img decoding=\"async\" width=\"640\" height=\"470\" src=\"https:\/\/sentus.net\/wp-content\/uploads\/2021\/07\/la-tourangelle-desktop-1024x752.png\" alt=\"\" loading=\"lazy\" srcset=\"https:\/\/sentus.net\/wp-content\/uploads\/2021\/07\/la-tourangelle-desktop-1024x752.png 1024w, https:\/\/sentus.net\/wp-content\/uploads\/2021\/07\/la-tourangelle-desktop-300x220.png 300w, https:\/\/sentus.net\/wp-content\/uploads\/2021\/07\/la-tourangelle-desktop-768x564.png 768w, https:\/\/sentus.net\/wp-content\/uploads\/2021\/07\/la-tourangelle-desktop.png 1225w\" sizes=\"auto, (max-width: 640px) 100vw, 640px\" \/><br \/>\n\t\t\t\t\t\t\t\t\t\t\t\t\t\t\t<img decoding=\"async\" width=\"640\" height=\"470\" src=\"https:\/\/sentus.net\/wp-content\/uploads\/2021\/07\/counting-kilos-desktop-1024x752.jpg\" alt=\"\" loading=\"lazy\" srcset=\"https:\/\/sentus.net\/wp-content\/uploads\/2021\/07\/counting-kilos-desktop-1024x752.jpg 1024w, https:\/\/sentus.net\/wp-content\/uploads\/2021\/07\/counting-kilos-desktop-300x220.jpg 300w, https:\/\/sentus.net\/wp-content\/uploads\/2021\/07\/counting-kilos-desktop-768x564.jpg 768w, https:\/\/sentus.net\/wp-content\/uploads\/2021\/07\/counting-kilos-desktop.jpg 1225w\" sizes=\"auto, (max-width: 640px) 100vw, 640px\" \/>\t\t\t\t\t\t\t\t\t\t\t\t\t\t\t<\/p>\n<h2>\n<h4 style=\"margin-bottom: 0px; padding: 0px; list-style: none;  line-height: 1; color: rgb(249, 25, 66); font-size: 34px; position: relative; letter-spacing: 0.3px; outline: none !important;\">Collaborate and connect  with your audience<\/h4>\n<\/h2>\n<p>Papildus pamata satura redi\u0123\u0113\u0161anai m\u016bsu vietnes \u013cauj lietot\u0101jiem piedal\u012bties. Atveriet savu tie\u0161saistes kopienu koment\u0101riem, soci\u0101lajiem sazi\u0146as l\u012bdzek\u013ciem, kop\u012bgo\u0161anai un sadarb\u012bbai, izmantojot m\u016bsu uzlabotos risin\u0101jumus.<\/p>","protected":false},"excerpt":{"rendered":"<p>Services Award winning web solutions for growing businesses Technology today is complicated and constantly changing, yet comes with no instruction manual. SENTUS aims to fix this by providing personal, expert IT support and beautiful, hand crafted websites. WordPress Development Control your content and build beautiful, powerful solutions on the world&#8217;s leading CMS. E-Commerce Grow your [&hellip;]<\/p>","protected":false},"author":1,"featured_media":0,"parent":0,"menu_order":0,"comment_status":"closed","ping_status":"closed","template":"elementor_header_footer","meta":{"om_disable_all_campaigns":false,"inline_featured_image":false,"_monsterinsights_skip_tracking":false,"_monsterinsights_sitenote_active":false,"_monsterinsights_sitenote_note":"","_monsterinsights_sitenote_category":0,"footnotes":""},"class_list":["post-2226","page","type-page","status-publish","hentry"],"acf":[],"aioseo_notices":[],"_links":{"self":[{"href":"https:\/\/sentus.net\/lv\/wp-json\/wp\/v2\/pages\/2226","targetHints":{"allow":["GET"]}}],"collection":[{"href":"https:\/\/sentus.net\/lv\/wp-json\/wp\/v2\/pages"}],"about":[{"href":"https:\/\/sentus.net\/lv\/wp-json\/wp\/v2\/types\/page"}],"author":[{"embeddable":true,"href":"https:\/\/sentus.net\/lv\/wp-json\/wp\/v2\/users\/1"}],"replies":[{"embeddable":true,"href":"https:\/\/sentus.net\/lv\/wp-json\/wp\/v2\/comments?post=2226"}],"version-history":[{"count":1,"href":"https:\/\/sentus.net\/lv\/wp-json\/wp\/v2\/pages\/2226\/revisions"}],"predecessor-version":[{"id":2227,"href":"https:\/\/sentus.net\/lv\/wp-json\/wp\/v2\/pages\/2226\/revisions\/2227"}],"wp:attachment":[{"href":"https:\/\/sentus.net\/lv\/wp-json\/wp\/v2\/media?parent=2226"}],"curies":[{"name":"wp","href":"https:\/\/api.w.org\/{rel}","templated":true}]}}