{"id":220,"date":"2020-08-15T08:46:12","date_gmt":"2020-08-15T08:46:12","guid":{"rendered":"http:\/\/rainbowit.net\/themes\/trydo\/?page_id=220"},"modified":"2023-09-07T08:45:04","modified_gmt":"2023-09-07T08:45:04","slug":"about-us","status":"publish","type":"page","link":"https:\/\/sentus.net\/lv\/about-us\/","title":{"rendered":"Par mums"},"content":{"rendered":"<h3>SENTUS tehnolo\u0123ija<\/h3>\n<p>M\u016bsdienu tehnolo\u0123ijas ir sare\u017e\u0123\u012btas un past\u0101v\u012bgi main\u0101s, ta\u010du t\u0101m nav pievienota lieto\u0161anas instrukcija. SENTUS m\u0113r\u0137is ir to nov\u0113rst, nodro\u0161inot personisku, ekspertu IT atbalstu un skaistas, ar rok\u0101m veidotas vietnes.\n<\/p>\n<p>\t\t\t\t\t\t\t\t\t\t\t\t\t\t\t<img decoding=\"async\" width=\"640\" height=\"360\" src=\"https:\/\/sentus.net\/wp-content\/uploads\/2021\/07\/Stocksy_txp5117923aVXB000_Medium_194474-70-675x380-1.jpg\" alt=\"\" loading=\"lazy\" srcset=\"https:\/\/sentus.net\/wp-content\/uploads\/2021\/07\/Stocksy_txp5117923aVXB000_Medium_194474-70-675x380-1.jpg 675w, https:\/\/sentus.net\/wp-content\/uploads\/2021\/07\/Stocksy_txp5117923aVXB000_Medium_194474-70-675x380-1-300x169.jpg 300w\" sizes=\"auto, (max-width: 640px) 100vw, 640px\" \/>\t\t\t\t\t\t\t\t\t\t\t\t\t\t\t<\/p>\n<h2>\n<h4 style=\"margin-bottom: 0px; padding: 0px; list-style: none;  line-height: 1; color: rgb(249, 25, 66); font-size: 34px; position: relative; letter-spacing: 0.3px; outline: none !important;\">Commitment&nbsp;to the User<\/h4>\n<\/h2>\n<p>SENTUS vienm\u0113r ir izvirz\u012bjis lietot\u0101ju pirmaj\u0101 viet\u0101. P\u0101r\u0101k daudz sist\u0113mu un uz\u0146\u0113mumu koncentr\u0113jas uz produktiem vai b\u016btisk\u0101ko poz\u012bciju, radot vidi, kur\u0101 lietot\u0101ji paliek bez zino\u0161a vai draudz\u012bga atbalsta un bez viegli lietojam\u0101m vietn\u0113m. M\u016bsu misija ir to main\u012bt ar draudz\u012bgu, viet\u0113ju, profesion\u0101lu atbalstu.<\/p>\n<h2>\n<h2 data-elementor-setting-key=\"title\" data-pen-placeholder=\"Type Here...\" style=\"font-size: var(--h2);\">\n<h4 style=\"margin-bottom: 0px; line-height: 1; font-size: 34px; color: rgb(249, 25, 66); padding: 0px; list-style: none; position: relative; letter-spacing: 0.3px; outline: none !important;\">Commitment to Our Team <\/h4>\n<\/h2>\n<\/h2>\n<p>M\u016bsu augo\u0161\u0101 draudz\u012bgo ekspertu komanda un klienti ir m\u016bsu vissvar\u012bg\u0101k\u0101s v\u0113rt\u012bbas.<\/p>\n<p>\t\t\t\t\t\t\t\t\t\t\t\t\t\t\t<img decoding=\"async\" width=\"640\" height=\"360\" src=\"https:\/\/sentus.net\/wp-content\/uploads\/2021\/07\/iStock_000020815883Med-70-675x380-1.jpg\" alt=\"\" loading=\"lazy\" srcset=\"https:\/\/sentus.net\/wp-content\/uploads\/2021\/07\/iStock_000020815883Med-70-675x380-1.jpg 675w, https:\/\/sentus.net\/wp-content\/uploads\/2021\/07\/iStock_000020815883Med-70-675x380-1-300x169.jpg 300w\" sizes=\"auto, (max-width: 640px) 100vw, 640px\" \/><br \/>\n\t\t\t\t\t\t\t\t\t\t\t\t\t\t\t<img decoding=\"async\" width=\"640\" height=\"360\" src=\"https:\/\/sentus.net\/wp-content\/uploads\/2021\/07\/staff-photo-2016-675x380-1.jpg\" alt=\"\" loading=\"lazy\" srcset=\"https:\/\/sentus.net\/wp-content\/uploads\/2021\/07\/staff-photo-2016-675x380-1.jpg 767w, https:\/\/sentus.net\/wp-content\/uploads\/2021\/07\/staff-photo-2016-675x380-1-300x169.jpg 300w\" sizes=\"auto, (max-width: 640px) 100vw, 640px\" \/>\t\t\t\t\t\t\t\t\t\t\t\t\t\t\t<\/p>\n<h2>\n<h4 style=\"margin-bottom: 0px; padding: 0px; list-style: none;  line-height: 1; color: rgb(249, 25, 66); font-size: 34px; position: relative; letter-spacing: 0.3px; outline: none !important;\">Commitment  to Professionalism<\/h4>\n<\/h2>\n<p>M\u016bsu m\u0113r\u0137is ir b\u016bt vair\u0101k nek\u0101 tikai tehniski prasm\u012bgi un zino\u0161i; m\u016bsu m\u0113r\u0137is ir nodro\u0161in\u0101t profesion\u0101lus pakalpojumus saviem klientiem. J\u016bs redz\u0113siet at\u0161\u0137ir\u012bbu ik uz so\u013ca \u2014 komunik\u0101cija, projektu vad\u012bba, apkalpo\u0161ana un turpm\u0101k\u0101 darb\u012bba.<\/p>\n<h2>Sa\u0146emiet bezmaksas tie\u0161saistes konsult\u0101ciju!<\/h2>\n\n<div class=\"wpcf7 no-js\" id=\"wpcf7-f1822-o1\" lang=\"en-US\" dir=\"ltr\">\n<div class=\"screen-reader-response\"><p role=\"status\" aria-live=\"polite\" aria-atomic=\"true\"><\/p> <ul><\/ul><\/div>\n<form action=\"\/lv\/wp-json\/wp\/v2\/pages\/220#wpcf7-f1822-o1\" method=\"post\" class=\"wpcf7-form init\" aria-label=\"Contact form\" novalidate=\"novalidate\" data-status=\"init\" data-trp-original-action=\"\/lv\/wp-json\/wp\/v2\/pages\/220#wpcf7-f1822-o1\">\n<div style=\"display: none;\">\n<input type=\"hidden\" name=\"_wpcf7\" value=\"1822\" \/>\n<input type=\"hidden\" name=\"_wpcf7_version\" value=\"5.8\" \/>\n<input type=\"hidden\" name=\"_wpcf7_locale\" value=\"en_US\" \/>\n<input type=\"hidden\" name=\"_wpcf7_unit_tag\" value=\"wpcf7-f1822-o1\" \/>\n<input type=\"hidden\" name=\"_wpcf7_container_post\" value=\"0\" \/>\n<input type=\"hidden\" name=\"_wpcf7_posted_data_hash\" value=\"\" \/>\n<input type=\"hidden\" name=\"_wpcf7_recaptcha_response\" value=\"\" \/>\n<\/div>\n<div class=\"form-wrap\">\n<div class=\"input-wrap\">\n<label>\n<span class=\"wpcf7-form-control-wrap\" data-name=\"your-name\"><input size=\"40\" class=\"wpcf7-form-control wpcf7-text wpcf7-validates-as-required\" aria-required=\"true\" aria-invalid=\"false\" placeholder=\"J\u016bsu v\u0101rds *\" value=\"\" type=\"text\" name=\"your-name\" \/><\/span>\n<\/label>\n\n<label>\n<span class=\"wpcf7-form-control-wrap\" data-name=\"phonetext-603\"><input size=\"40\" class=\"wpcf7-form-control wpcf7-phonetext wpcf7-validates-as-required wpcf7-text wpcf7-validates-as-phonetext\" aria-required=\"true\" aria-invalid=\"false\" placeholder=\"Phone number *\" value=\"\" type=\"text\" name=\"phonetext-603\" \/><input type=\"hidden\" name=\"phonetext-603-country-code\" class=\"wpcf7-phonetext-country-code\" \/><\/span>\n<\/label>\n\n<label>\n<span class=\"wpcf7-form-control-wrap\" data-name=\"your-email\"><input size=\"40\" class=\"wpcf7-form-control wpcf7-email wpcf7-validates-as-required wpcf7-text wpcf7-validates-as-email\" aria-required=\"true\" aria-invalid=\"false\" placeholder=\"J\u016bsu e-pasts *\" value=\"\" type=\"email\" name=\"your-email\" \/><\/span>\n<\/label>\n<\/div>\n\n<button type=\"submit\" class=\"rn-button-style--2 btn_solid\"> <span>Sa\u0146emiet konsult\u0101ciju!<\/span> <\/button>\n<\/div><div class=\"wpcf7-response-output\" aria-hidden=\"true\"><\/div>\n<input type=\"hidden\" name=\"trp-form-language\" value=\"lv\"\/><\/form>\n<\/div>","protected":false},"excerpt":{"rendered":"<p>SENTUS technology Technology today is complicated and constantly changing, yet comes with no instruction manual. SENTUS aims to fix this by providing personal, expert IT support and beautiful, hand crafted websites. Commitment&nbsp;to the User SENTUS has always put the user first. Too many systems and companies put the focus on products or the bottom line, [&hellip;]<\/p>","protected":false},"author":1,"featured_media":0,"parent":0,"menu_order":0,"comment_status":"closed","ping_status":"closed","template":"elementor_header_footer","meta":{"om_disable_all_campaigns":false,"inline_featured_image":false,"_monsterinsights_skip_tracking":false,"_monsterinsights_sitenote_active":false,"_monsterinsights_sitenote_note":"","_monsterinsights_sitenote_category":0,"footnotes":""},"class_list":["post-220","page","type-page","status-publish","hentry"],"acf":[],"aioseo_notices":[],"_links":{"self":[{"href":"https:\/\/sentus.net\/lv\/wp-json\/wp\/v2\/pages\/220","targetHints":{"allow":["GET"]}}],"collection":[{"href":"https:\/\/sentus.net\/lv\/wp-json\/wp\/v2\/pages"}],"about":[{"href":"https:\/\/sentus.net\/lv\/wp-json\/wp\/v2\/types\/page"}],"author":[{"embeddable":true,"href":"https:\/\/sentus.net\/lv\/wp-json\/wp\/v2\/users\/1"}],"replies":[{"embeddable":true,"href":"https:\/\/sentus.net\/lv\/wp-json\/wp\/v2\/comments?post=220"}],"version-history":[{"count":53,"href":"https:\/\/sentus.net\/lv\/wp-json\/wp\/v2\/pages\/220\/revisions"}],"predecessor-version":[{"id":2187,"href":"https:\/\/sentus.net\/lv\/wp-json\/wp\/v2\/pages\/220\/revisions\/2187"}],"wp:attachment":[{"href":"https:\/\/sentus.net\/lv\/wp-json\/wp\/v2\/media?parent=220"}],"curies":[{"name":"wp","href":"https:\/\/api.w.org\/{rel}","templated":true}]}}