{"id":205,"date":"2020-08-15T07:53:58","date_gmt":"2020-08-15T07:53:58","guid":{"rendered":"http:\/\/rainbowit.net\/themes\/trydo\/?page_id=205"},"modified":"2023-08-25T12:58:55","modified_gmt":"2023-08-25T12:58:55","slug":"contact","status":"publish","type":"page","link":"https:\/\/sentus.net\/lv\/contact\/","title":{"rendered":"Sazin\u0101ties ar mums"},"content":{"rendered":"<p><!-- Start Service Area  --><br \/>\n                                                            SAZINIETIES AR MUMS JAU \u0160ODIEN<\/p>\n<h3>Izveidojiet savu IT projektu jau \u0161odien!<\/h3>\n<p>Jums ir jaut\u0101jumi, mums ir atbildes.<\/p>\n<h3>Zvaniet mums \u0161odien<\/h3>\n<p><a href=\"tel: 371 269 555 66\">+371 269 555 66<\/a><\/p>\n<h3>Nos\u016btiet mums e-pastu<\/h3>\n<p> <a href=\"mailto:info@sentus.net\">info@sentus.net<\/a><\/p>\n<h3>Atra\u0161an\u0101s vieta<\/h3>\n<p>Republikas laukums 3-12, LV-1010 R\u012bga, Latvija<\/p>\n<p>        <!-- Start Service Area  --><br \/>\n\t\t\t        <!-- Start Contact Area  --><\/p>\n<h2>Sazinies ar mums<\/h2>\n<p>Aizpildiet anketu un k\u0101ds no m\u016bsu speci\u0101listiem ar Jums sazin\u0101sies! Varat ar\u012b sazin\u0101ties ar mums tie\u0161i pa t\u0101lruni: <a href=\"tel: 371 269 555 66\">+371 269 555 66<\/a> vai e-pastu: <a href=\"mailto:info@sentus.net\"> info@sentus.net<\/a><\/p>\n<p>                            <!-- Start Contact Form --><\/p>\n<p role=\"status\" aria-live=\"polite\" aria-atomic=\"true\">\n<ul><\/ul>\n<form action=\"\/lv\/wp-admin\/admin-ajax.php\/#wpcf7-f212-o1\" method=\"post\" aria-label=\"Contact form\" novalidate=\"novalidate\" data-status=\"init\" data-trp-original-action=\"\/wp-admin\/admin-ajax.php#wpcf7-f212-o1\">\n<input type=\"hidden\" name=\"_wpcf7\" value=\"212\" \/><br \/>\n<input type=\"hidden\" name=\"_wpcf7_version\" value=\"5.8\" \/><br \/>\n<input type=\"hidden\" name=\"_wpcf7_locale\" value=\"en_US\" \/><br \/>\n<input type=\"hidden\" name=\"_wpcf7_unit_tag\" value=\"wpcf7-f212-o1\" \/><br \/>\n<input type=\"hidden\" name=\"_wpcf7_container_post\" value=\"0\" \/><br \/>\n<input type=\"hidden\" name=\"_wpcf7_posted_data_hash\" value=\"\" \/><br \/>\n<label><br \/>\n<input size=\"40\" aria-required=\"true\" aria-invalid=\"false\" placeholder=\"J\u016bsu v\u0101rds *\" value=\"\" type=\"text\" name=\"your-name\" \/><br \/>\n<\/label><br \/>\n<label><br \/>\n<input size=\"40\" aria-required=\"true\" aria-invalid=\"false\" placeholder=\"J\u016bsu e-pasts *\" value=\"\" type=\"email\" name=\"your-email\" \/><br \/>\n<\/label><br \/>\n<label><br \/>\n<input size=\"40\" aria-required=\"true\" aria-invalid=\"false\" placeholder=\"Phone number *\" value=\"\" type=\"tel\" name=\"tel-981\" \/><br \/>\n<\/label><br \/>\n<label><br \/>\n<textarea cols=\"40\" rows=\"10\" aria-invalid=\"false\" placeholder=\"J\u016bsu zi\u0146a\" name=\"your-message\"><\/textarea><br \/>\n<\/label><br \/>\n<button type=\"submit\"> S\u016aT\u012aT ZI\u0145U <\/button><br \/>\n<input type=\"hidden\" name=\"trp-form-language\" value=\"lv\"\/><\/form>\n<p>                                    <img width=\"800\" height=\"845\" src=\"https:\/\/sentus.net\/wp-content\/uploads\/2020\/08\/about-6.jpg\" alt=\"about-6\" decoding=\"async\" loading=\"lazy\" srcset=\"https:\/\/sentus.net\/wp-content\/uploads\/2020\/08\/about-6.jpg 800w, https:\/\/sentus.net\/wp-content\/uploads\/2020\/08\/about-6-284x300.jpg 284w, https:\/\/sentus.net\/wp-content\/uploads\/2020\/08\/about-6-768x811.jpg 768w\" sizes=\"auto, (max-width: 800px) 100vw, 800px\" \/><br \/>\n        <!-- End Contact Area  --><br \/>\n        <!-- Start Brand Area --><\/p>\n<ul>\n<li>\n                                                                        <a href=\"#\" ><br \/>\n                                                                                                                            <img width=\"385\" height=\"100\" src=\"https:\/\/sentus.net\/wp-content\/uploads\/2021\/07\/cropped-business-card_NEW-1-1-4-1.png\" alt=\"\" decoding=\"async\" loading=\"lazy\" srcset=\"https:\/\/sentus.net\/wp-content\/uploads\/2021\/07\/cropped-business-card_NEW-1-1-4-1.png 385w, https:\/\/sentus.net\/wp-content\/uploads\/2021\/07\/cropped-business-card_NEW-1-1-4-1-300x78.png 300w\" sizes=\"auto, (max-width: 385px) 100vw, 385px\" \/>                                                                                                                    <\/a>\n                                                                    <\/li>\n<li>\n                                                                        <a href=\"#\" ><br \/>\n                                                                                                                            <img width=\"442\" height=\"100\" src=\"https:\/\/sentus.net\/wp-content\/uploads\/2021\/07\/ppeuniverse-logo-1-1.png\" alt=\"\" decoding=\"async\" loading=\"lazy\" srcset=\"https:\/\/sentus.net\/wp-content\/uploads\/2021\/07\/ppeuniverse-logo-1-1.png 442w, https:\/\/sentus.net\/wp-content\/uploads\/2021\/07\/ppeuniverse-logo-1-1-300x68.png 300w\" sizes=\"auto, (max-width: 442px) 100vw, 442px\" \/>                                                                                                                    <\/a>\n                                                                    <\/li>\n<li>\n                                                                        <a href=\"#\" ><br \/>\n                                                                                                                            <img width=\"1065\" height=\"100\" src=\"https:\/\/sentus.net\/wp-content\/uploads\/2021\/07\/Kmile-1.png\" alt=\"\" decoding=\"async\" loading=\"lazy\" srcset=\"https:\/\/sentus.net\/wp-content\/uploads\/2021\/07\/Kmile-1.png 1065w, https:\/\/sentus.net\/wp-content\/uploads\/2021\/07\/Kmile-1-300x28.png 300w, https:\/\/sentus.net\/wp-content\/uploads\/2021\/07\/Kmile-1-1024x96.png 1024w, https:\/\/sentus.net\/wp-content\/uploads\/2021\/07\/Kmile-1-768x72.png 768w\" sizes=\"auto, (max-width: 1065px) 100vw, 1065px\" \/>                                                                                                                    <\/a>\n                                                                    <\/li>\n<li>\n                                                                        <a href=\"#\" ><br \/>\n                                                                                                                            <img width=\"379\" height=\"100\" src=\"https:\/\/sentus.net\/wp-content\/uploads\/2021\/07\/Group.png\" alt=\"\" decoding=\"async\" loading=\"lazy\" srcset=\"https:\/\/sentus.net\/wp-content\/uploads\/2021\/07\/Group.png 379w, https:\/\/sentus.net\/wp-content\/uploads\/2021\/07\/Group-300x79.png 300w\" sizes=\"auto, (max-width: 379px) 100vw, 379px\" \/>                                                                                                                    <\/a>\n                                                                    <\/li>\n<li>\n                                                                        <a href=\"#\" ><br \/>\n                                                                                                                            <img width=\"553\" height=\"99\" src=\"https:\/\/sentus.net\/wp-content\/uploads\/2021\/07\/\u0421\u043b\u043e\u0438\u0306-2.png\" alt=\"\" decoding=\"async\" loading=\"lazy\" srcset=\"https:\/\/sentus.net\/wp-content\/uploads\/2021\/07\/\u0421\u043b\u043e\u0438\u0306-2.png 553w, https:\/\/sentus.net\/wp-content\/uploads\/2021\/07\/\u0421\u043b\u043e\u0438\u0306-2-300x54.png 300w\" sizes=\"auto, (max-width: 553px) 100vw, 553px\" \/>                                                                                                                    <\/a>\n                                                                    <\/li>\n<li>\n                                                                        <a href=\"#\" ><br \/>\n                                                                                                                            <img width=\"336\" height=\"100\" src=\"https:\/\/sentus.net\/wp-content\/uploads\/2021\/07\/upwork-2.png\" alt=\"\" decoding=\"async\" loading=\"lazy\" srcset=\"https:\/\/sentus.net\/wp-content\/uploads\/2021\/07\/upwork-2.png 336w, https:\/\/sentus.net\/wp-content\/uploads\/2021\/07\/upwork-2-300x89.png 300w\" sizes=\"auto, (max-width: 336px) 100vw, 336px\" \/>                                                                                                                    <\/a>\n                                                                    <\/li>\n<li>\n                                                                        <a href=\"#\" ><br \/>\n                                                                                                                            <img width=\"256\" height=\"100\" src=\"https:\/\/sentus.net\/wp-content\/uploads\/2021\/07\/ASLF-logo-1.png\" alt=\"\" decoding=\"async\" loading=\"lazy\" \/>                                                                                                                    <\/a>\n                                                                    <\/li>\n<\/ul>\n<p>        <!-- End Brand Area --><\/p>","protected":false},"excerpt":{"rendered":"<p>Contact us today Build your IT project today! You\u2019ve got questions, we\u2019ve got answers. Call us today +371 269 555 66 Send us Email info@sentus.net Location Republikas laukums 3-12, LV-1010 R\u012bga, Latvija Contact Us Complete the form and one of our specialists will contact you! You can also contact us directly via phone: +371 269 [&hellip;]<\/p>","protected":false},"author":1,"featured_media":0,"parent":0,"menu_order":0,"comment_status":"closed","ping_status":"closed","template":"elementor_header_footer","meta":{"om_disable_all_campaigns":false,"inline_featured_image":false,"_monsterinsights_skip_tracking":false,"_monsterinsights_sitenote_active":false,"_monsterinsights_sitenote_note":"","_monsterinsights_sitenote_category":0,"footnotes":""},"class_list":["post-205","page","type-page","status-publish","hentry"],"acf":[],"aioseo_notices":[],"_links":{"self":[{"href":"https:\/\/sentus.net\/lv\/wp-json\/wp\/v2\/pages\/205","targetHints":{"allow":["GET"]}}],"collection":[{"href":"https:\/\/sentus.net\/lv\/wp-json\/wp\/v2\/pages"}],"about":[{"href":"https:\/\/sentus.net\/lv\/wp-json\/wp\/v2\/types\/page"}],"author":[{"embeddable":true,"href":"https:\/\/sentus.net\/lv\/wp-json\/wp\/v2\/users\/1"}],"replies":[{"embeddable":true,"href":"https:\/\/sentus.net\/lv\/wp-json\/wp\/v2\/comments?post=205"}],"version-history":[{"count":43,"href":"https:\/\/sentus.net\/lv\/wp-json\/wp\/v2\/pages\/205\/revisions"}],"predecessor-version":[{"id":1945,"href":"https:\/\/sentus.net\/lv\/wp-json\/wp\/v2\/pages\/205\/revisions\/1945"}],"wp:attachment":[{"href":"https:\/\/sentus.net\/lv\/wp-json\/wp\/v2\/media?parent=205"}],"curies":[{"name":"wp","href":"https:\/\/api.w.org\/{rel}","templated":true}]}}