{"id":1775,"date":"2021-07-03T13:02:33","date_gmt":"2021-07-03T13:02:33","guid":{"rendered":"https:\/\/eclipse:8890\/?page_id=1775"},"modified":"2023-08-30T08:55:53","modified_gmt":"2023-08-30T08:55:53","slug":"email-cloud-services","status":"publish","type":"page","link":"https:\/\/sentus.net\/lv\/it-support\/email-cloud-services\/","title":{"rendered":"E-pasts un m\u0101ko\u0146pakalpojumi"},"content":{"rendered":"<p><!-- Start Service Area  --><\/p>\n<h2>Izmantojiet m\u0101ko\u0146a iesp\u0113jas sava uz\u0146\u0113muma datiem<\/h2>\n<p>M\u0113s pal\u012bdzam uz\u0146\u0113mumiem uzlabot piek\u013cuvi, ietaup\u012bt naudu un palielin\u0101t dro\u0161\u012bbu, izmantojot r\u016bp\u012bgi atlas\u012btus m\u0101ko\u0146pakalpojumus e-pastam, dokumentiem, kalend\u0101riem un kontaktperson\u0101m.<\/p>\n<h3>E-pasti<\/h3>\n<p>Izmantojot Google Apps for Business vai Microsoft Exchange serveri, j\u016bs ieg\u016bsiet pasaul\u0113 lab\u0101k\u0101s e-pasta, kalend\u0101ra un kontaktu sist\u0113mas.\n<\/p>\n<h3>Piek\u013c\u016bstiet datiem jebkur\u0101 viet\u0101<\/h3>\n<p>Jums b\u016bs piek\u013cuve uz\u0146\u0113muma datiem visur, kur dodaties, jebkur\u0101 ier\u012bc\u0113. Jums b\u016bs jaud\u012bgas produktivit\u0101tes funkcijas t\u0101lru\u0146os, plan\u0161etdatoros un viesu iek\u0101rt\u0101s.<\/p>\n<h3>E-pasta saglab\u0101\u0161ana, arhiv\u0113\u0161ana un \u012bpa\u0161umties\u012bbas<\/h3>\n<p>Kontrol\u0113jiet sava uz\u0146\u0113muma e-pastu, izmantojot uzlabotos r\u012bkus e-pasta saglab\u0101\u0161anai un arhiv\u0113\u0161anai.Neuz\u0146emieties risku ar juridiski saisto\u0161u sazi\u0146u, p\u0101r\u0146emiet kontroli p\u0101r uz\u0146\u0113muma e-pastu.\n<\/p>\n<h3>Piek\u013cuve no mobilaj\u0101m ier\u012bc\u0113m<\/h3>\n<p>Izmantojiet visas mobil\u0101s ier\u012bces (pat darbiniekiem piedero\u0161\u0101s ier\u012bces) ar mobil\u0101s piek\u013cuves un sinhroniz\u0101cijas r\u012bkiem. Piek\u013c\u016bstiet e-pastam, kalend\u0101ram, kontaktperson\u0101m, dokumentiem un pat lietojumprogramm\u0101m no jebkuras vietas.\n<\/p>\n<p>        <!-- Start Service Area  --><\/p>\n<h2>Sa\u0146emiet bezmaksas tie\u0161saistes konsult\u0101ciju!<\/h2>\n<p>\t\t\n<div class=\"wpcf7 no-js\" id=\"wpcf7-f1822-o1\" lang=\"en-US\" dir=\"ltr\">\n<div class=\"screen-reader-response\"><p role=\"status\" aria-live=\"polite\" aria-atomic=\"true\"><\/p> <ul><\/ul><\/div>\n<form action=\"\/lv\/wp-json\/wp\/v2\/pages\/1775#wpcf7-f1822-o1\" method=\"post\" class=\"wpcf7-form init\" aria-label=\"Contact form\" novalidate=\"novalidate\" data-status=\"init\" data-trp-original-action=\"\/lv\/wp-json\/wp\/v2\/pages\/1775#wpcf7-f1822-o1\">\n<div style=\"display: none;\">\n<input type=\"hidden\" name=\"_wpcf7\" value=\"1822\" \/>\n<input type=\"hidden\" name=\"_wpcf7_version\" value=\"5.8\" \/>\n<input type=\"hidden\" name=\"_wpcf7_locale\" value=\"en_US\" \/>\n<input type=\"hidden\" name=\"_wpcf7_unit_tag\" value=\"wpcf7-f1822-o1\" \/>\n<input type=\"hidden\" name=\"_wpcf7_container_post\" value=\"0\" \/>\n<input type=\"hidden\" name=\"_wpcf7_posted_data_hash\" value=\"\" \/>\n<input type=\"hidden\" name=\"_wpcf7_recaptcha_response\" value=\"\" \/>\n<\/div>\n<div class=\"form-wrap\">\n<div class=\"input-wrap\">\n<label>\n<span class=\"wpcf7-form-control-wrap\" data-name=\"your-name\"><input size=\"40\" class=\"wpcf7-form-control wpcf7-text wpcf7-validates-as-required\" aria-required=\"true\" aria-invalid=\"false\" placeholder=\"J\u016bsu v\u0101rds *\" value=\"\" type=\"text\" name=\"your-name\" \/><\/span>\n<\/label>\n\n<label>\n<span class=\"wpcf7-form-control-wrap\" data-name=\"phonetext-603\"><input size=\"40\" class=\"wpcf7-form-control wpcf7-phonetext wpcf7-validates-as-required wpcf7-text wpcf7-validates-as-phonetext\" aria-required=\"true\" aria-invalid=\"false\" placeholder=\"Phone number *\" value=\"\" type=\"text\" name=\"phonetext-603\" \/><input type=\"hidden\" name=\"phonetext-603-country-code\" class=\"wpcf7-phonetext-country-code\" \/><\/span>\n<\/label>\n\n<label>\n<span class=\"wpcf7-form-control-wrap\" data-name=\"your-email\"><input size=\"40\" class=\"wpcf7-form-control wpcf7-email wpcf7-validates-as-required wpcf7-text wpcf7-validates-as-email\" aria-required=\"true\" aria-invalid=\"false\" placeholder=\"J\u016bsu e-pasts *\" value=\"\" type=\"email\" name=\"your-email\" \/><\/span>\n<\/label>\n<\/div>\n\n<button type=\"submit\" class=\"rn-button-style--2 btn_solid\"> <span>Sa\u0146emiet konsult\u0101ciju!<\/span> <\/button>\n<\/div><div class=\"wpcf7-response-output\" aria-hidden=\"true\"><\/div>\n<input type=\"hidden\" name=\"trp-form-language\" value=\"lv\"\/><\/form>\n<\/div>\n<br \/>\n\t\t\t\t\t\t\t\t\t\t\t\t\t\t\t<img decoding=\"async\" width=\"1600\" height=\"1066\" src=\"https:\/\/sentus.net\/wp-content\/uploads\/2023\/08\/Email-Addresses.jpg\" alt=\"\" loading=\"lazy\" srcset=\"https:\/\/sentus.net\/wp-content\/uploads\/2023\/08\/Email-Addresses.jpg 1600w, https:\/\/sentus.net\/wp-content\/uploads\/2023\/08\/Email-Addresses-300x200.jpg 300w, https:\/\/sentus.net\/wp-content\/uploads\/2023\/08\/Email-Addresses-1024x682.jpg 1024w, https:\/\/sentus.net\/wp-content\/uploads\/2023\/08\/Email-Addresses-768x512.jpg 768w, https:\/\/sentus.net\/wp-content\/uploads\/2023\/08\/Email-Addresses-1536x1023.jpg 1536w, https:\/\/sentus.net\/wp-content\/uploads\/2023\/08\/Email-Addresses-650x433.jpg 650w\" sizes=\"auto, (max-width: 1600px) 100vw, 1600px\" \/>\t\t\t\t\t\t\t\t\t\t\t\t\t\t\t<\/p>\n<h2>\n<h4 style=\"margin-bottom: 0px; padding: 0px; list-style: none;  line-height: 1; color: rgb(249, 25, 66); font-size: 34px; position: relative; letter-spacing: 0.3px; outline: none !important;\"> Email Service Setup&nbsp;and Migration <\/h4>\n<\/h2>\n<p>Vai esat gatavs p\u0101riet uz pasaules l\u012bme\u0146a e-pasta pakalpojumu? M\u016bsu eksperti sniegs jums konsult\u0101ciju par j\u016bsu vajadz\u012bb\u0101m, iestat\u012bs pareizo pakalpojumu, migr\u0113s visus j\u016bsu eso\u0161os uz\u0146\u0113muma datus un pal\u012bdz\u0113s katram lietot\u0101jam piek\u013c\u016bt, un konfigur\u0113t.<\/p>\n<p>\u00a0<\/p>\n<h2>\n<h2 data-elementor-setting-key=\"title\" data-pen-placeholder=\"Type Here...\" style=\"font-size: var(--h2);\">\n<h4 style=\"margin-bottom: 0px; line-height: 1; font-size: 34px; color: rgb(249, 25, 66); padding: 0px; list-style: none; position: relative; letter-spacing: 0.3px; outline: none !important;\"> Cloud Server Consultation <\/h4>\n<\/h2>\n<\/h2>\n<p>Sazinieties ar ekspertu m\u0101ko\u0146a speci\u0101listu, lai noteiktu, kuras tehnolo\u0123ijas ir piem\u0113rotas j\u016bsu uz\u0146\u0113mumam. Sal\u012bdziniet popul\u0101ro pakalpojumu priek\u0161roc\u012bbas un izprotiet to at\u0161\u0137ir\u012bbas.<\/p>\n<p>\u00a0<\/p>\n<p>\t\t\t\t\t\t\t\t\t\t\t\t\t\t\t<img decoding=\"async\" width=\"2560\" height=\"1649\" src=\"https:\/\/sentus.net\/wp-content\/uploads\/2023\/08\/Cloud-Computing-scaled.jpeg\" alt=\"\" loading=\"lazy\" srcset=\"https:\/\/sentus.net\/wp-content\/uploads\/2023\/08\/Cloud-Computing-scaled.jpeg 2560w, https:\/\/sentus.net\/wp-content\/uploads\/2023\/08\/Cloud-Computing-300x193.jpeg 300w, https:\/\/sentus.net\/wp-content\/uploads\/2023\/08\/Cloud-Computing-1024x660.jpeg 1024w, https:\/\/sentus.net\/wp-content\/uploads\/2023\/08\/Cloud-Computing-768x495.jpeg 768w, https:\/\/sentus.net\/wp-content\/uploads\/2023\/08\/Cloud-Computing-1536x990.jpeg 1536w, https:\/\/sentus.net\/wp-content\/uploads\/2023\/08\/Cloud-Computing-2048x1319.jpeg 2048w\" sizes=\"auto, (max-width: 2560px) 100vw, 2560px\" \/><br \/>\n\t\t\t\t\t\t\t\t\t\t\t\t\t\t\t<img decoding=\"async\" width=\"640\" height=\"360\" src=\"https:\/\/sentus.net\/wp-content\/uploads\/2023\/08\/cps-1024x576.jpg\" alt=\"\" loading=\"lazy\" srcset=\"https:\/\/sentus.net\/wp-content\/uploads\/2023\/08\/cps-1024x576.jpg 1024w, https:\/\/sentus.net\/wp-content\/uploads\/2023\/08\/cps-300x169.jpg 300w, https:\/\/sentus.net\/wp-content\/uploads\/2023\/08\/cps-768x432.jpg 768w, https:\/\/sentus.net\/wp-content\/uploads\/2023\/08\/cps.jpg 1366w\" sizes=\"auto, (max-width: 640px) 100vw, 640px\" \/>\t\t\t\t\t\t\t\t\t\t\t\t\t\t\t<\/p>\n<h2>\n<h4 style=\"margin-bottom: 0px; padding: 0px; list-style: none;  line-height: 1; color: rgb(249, 25, 66); font-size: 34px; position: relative; letter-spacing: 0.3px; outline: none !important;\"> Understand  Cloud Costs <\/h4>\n<\/h2>\n<p>M\u0113s pal\u012bdzam sal\u012bdzin\u0101t m\u0101ko\u0146pakalpojumu izmaksas ar tradicion\u0101lajiem iek\u0161\u0113jiem serveriem.<\/p>","protected":false},"excerpt":{"rendered":"<p>Harness the power of the cloud for your company data We help companies improve access, save money, and increase security with carefully selected cloud services for email, documents, calendars, and contacts. Enterprise Grade Email Use the same email services that over 75% of Fortune 500 companies and top universities use. With Google Apps for Business [&hellip;]<\/p>","protected":false},"author":1,"featured_media":0,"parent":1573,"menu_order":0,"comment_status":"closed","ping_status":"closed","template":"elementor_header_footer","meta":{"om_disable_all_campaigns":false,"inline_featured_image":false,"_monsterinsights_skip_tracking":false,"_monsterinsights_sitenote_active":false,"_monsterinsights_sitenote_note":"","_monsterinsights_sitenote_category":0,"footnotes":""},"class_list":["post-1775","page","type-page","status-publish","hentry"],"acf":[],"aioseo_notices":[],"_links":{"self":[{"href":"https:\/\/sentus.net\/lv\/wp-json\/wp\/v2\/pages\/1775","targetHints":{"allow":["GET"]}}],"collection":[{"href":"https:\/\/sentus.net\/lv\/wp-json\/wp\/v2\/pages"}],"about":[{"href":"https:\/\/sentus.net\/lv\/wp-json\/wp\/v2\/types\/page"}],"author":[{"embeddable":true,"href":"https:\/\/sentus.net\/lv\/wp-json\/wp\/v2\/users\/1"}],"replies":[{"embeddable":true,"href":"https:\/\/sentus.net\/lv\/wp-json\/wp\/v2\/comments?post=1775"}],"version-history":[{"count":29,"href":"https:\/\/sentus.net\/lv\/wp-json\/wp\/v2\/pages\/1775\/revisions"}],"predecessor-version":[{"id":2162,"href":"https:\/\/sentus.net\/lv\/wp-json\/wp\/v2\/pages\/1775\/revisions\/2162"}],"up":[{"embeddable":true,"href":"https:\/\/sentus.net\/lv\/wp-json\/wp\/v2\/pages\/1573"}],"wp:attachment":[{"href":"https:\/\/sentus.net\/lv\/wp-json\/wp\/v2\/media?parent=1775"}],"curies":[{"name":"wp","href":"https:\/\/api.w.org\/{rel}","templated":true}]}}