{"id":175,"date":"2020-08-15T03:01:57","date_gmt":"2020-08-15T03:01:57","guid":{"rendered":"http:\/\/rainbowit.net\/themes\/trydo\/main-demo-copy\/"},"modified":"2023-09-18T08:40:11","modified_gmt":"2023-09-18T08:40:11","slug":"home","status":"publish","type":"page","link":"https:\/\/sentus.net\/lv\/","title":{"rendered":"S\u0101kums"},"content":{"rendered":"<p><!-- Start Slider Area  --><br \/>\n            <!-- Start Single Slide  --><\/p>\n<h1>GLOB\u0100LIE IT <br \/> RISIN\u0100JUMI UN PROGRAMM\u0112\u0160ANA<\/h1>\n<p>                                                                    <!-- Start Single Service  --><br \/>\n                                                        <img decoding=\"async\" src=\"https:\/\/sentus.net\/wp-content\/uploads\/2020\/04\/icon-01.png\" title=\"icon-01\" alt=\"icon-01\" loading=\"lazy\" \/>                                                    <\/p>\n<h3>\n                                                                                                                            E-komercija                                                                                                                    <\/h3>\n<p>Tie\u0161saistes p\u0101rdo\u0161anas vietu da\u017e\u0101do\u0161ana var pal\u012bdz\u0113t ieg\u016bt jaunus klientus, jo \u012bpa\u0161i t\u0101d\u0113\u013c, ka e-komercija k\u013c\u016bst konkur\u0113tsp\u0113j\u012bg\u0101ka.<\/p>\n<p>                                    <!-- End Single Service  --><br \/>\n                                                                    <!-- Start Single Service  --><br \/>\n                                                        <img decoding=\"async\" src=\"https:\/\/sentus.net\/wp-content\/uploads\/2020\/04\/icon-02.png\" title=\"icon-02\" alt=\"icon-02\" loading=\"lazy\" \/>                                                    <\/p>\n<h3>\n                                                                                                                            T\u012bmek\u013ca lietotnes                                                                                                                    <\/h3>\n<p>Individu\u0101li risin\u0101jumi j\u016bsu idejas \u012bsteno\u0161anai. Ide\u0101li piem\u0113rots biznesa procesu automatiz\u0113\u0161anai un ie\u0146\u0113mumu g\u016b\u0161anai.<\/p>\n<p>                                    <!-- End Single Service  --><br \/>\n                                                                    <!-- Start Single Service  --><br \/>\n                                                        <img decoding=\"async\" src=\"https:\/\/sentus.net\/wp-content\/uploads\/2020\/04\/icon-03.png\" title=\"icon-03\" alt=\"icon-03\" loading=\"lazy\" \/>                                                    <\/p>\n<h3>\n                                                                                                                            UI \/ UX dizains                                                                                                                    <\/h3>\n<p>Izveidojiet lietot\u0101jam saprotamas saskarnes, kas \u013cauj lietot sare\u017e\u0123\u012btus tehniskos produktus.<\/p>\n<p>                                    <!-- End Single Service  --><br \/>\n            <!-- End Single Slide  --><br \/>\n        <!-- End Slider Area  --><br \/>\n\t\t\t        <!-- Start About Area  --><br \/>\n                                                                        <img width=\"495\" height=\"780\" src=\"https:\/\/sentus.net\/wp-content\/uploads\/2020\/04\/about-1.jpg\" alt=\"about-1\" decoding=\"async\" loading=\"lazy\" srcset=\"https:\/\/sentus.net\/wp-content\/uploads\/2020\/04\/about-1.jpg 495w, https:\/\/sentus.net\/wp-content\/uploads\/2020\/04\/about-1-190x300.jpg 190w\" sizes=\"auto, (max-width: 495px) 100vw, 495px\" \/><br \/>\n                                                                PAR MUMS<\/p>\n<h3>M\u0113s to \u012bstenojam.<\/h3>\n<p>M\u016bsdienu tehnolo\u0123ijas ir sare\u017e\u0123\u012btas un past\u0101v\u012bgi main\u0101s, ta\u010du t\u0101m nav pievienota lieto\u0161anas instrukcija. SENTUS m\u0113r\u0137is ir to nov\u0113rst, nodro\u0161inot personisku, ekspertu IT atbalstu un skaistas, ar rok\u0101m veidotas vietnes.\n<\/p>\n<p>                                                Projects completed<\/p>\n<h3>65<\/h3>\n<p>                                                Company partners<\/p>\n<h3>34<\/h3>\n<p>                                                Users per day<\/p>\n<h3>120 K+<\/h3>\n<p>        <!-- Start About Area  --><\/p>\n<h2>Sa\u0146emiet bezmaksas tie\u0161saistes konsult\u0101ciju!<\/h2>\n<p>\t\t\n<div class=\"wpcf7 no-js\" id=\"wpcf7-f1822-o1\" lang=\"en-US\" dir=\"ltr\">\n<div class=\"screen-reader-response\"><p role=\"status\" aria-live=\"polite\" aria-atomic=\"true\"><\/p> <ul><\/ul><\/div>\n<form action=\"\/lv\/wp-json\/wp\/v2\/pages\/175#wpcf7-f1822-o1\" method=\"post\" class=\"wpcf7-form init\" aria-label=\"Contact form\" novalidate=\"novalidate\" data-status=\"init\" data-trp-original-action=\"\/lv\/wp-json\/wp\/v2\/pages\/175#wpcf7-f1822-o1\">\n<div style=\"display: none;\">\n<input type=\"hidden\" name=\"_wpcf7\" value=\"1822\" \/>\n<input type=\"hidden\" name=\"_wpcf7_version\" value=\"5.8\" \/>\n<input type=\"hidden\" name=\"_wpcf7_locale\" value=\"en_US\" \/>\n<input type=\"hidden\" name=\"_wpcf7_unit_tag\" value=\"wpcf7-f1822-o1\" \/>\n<input type=\"hidden\" name=\"_wpcf7_container_post\" value=\"0\" \/>\n<input type=\"hidden\" name=\"_wpcf7_posted_data_hash\" value=\"\" \/>\n<input type=\"hidden\" name=\"_wpcf7_recaptcha_response\" value=\"\" \/>\n<\/div>\n<div class=\"form-wrap\">\n<div class=\"input-wrap\">\n<label>\n<span class=\"wpcf7-form-control-wrap\" data-name=\"your-name\"><input size=\"40\" class=\"wpcf7-form-control wpcf7-text wpcf7-validates-as-required\" aria-required=\"true\" aria-invalid=\"false\" placeholder=\"J\u016bsu v\u0101rds *\" value=\"\" type=\"text\" name=\"your-name\" \/><\/span>\n<\/label>\n\n<label>\n<span class=\"wpcf7-form-control-wrap\" data-name=\"phonetext-603\"><input size=\"40\" class=\"wpcf7-form-control wpcf7-phonetext wpcf7-validates-as-required wpcf7-text wpcf7-validates-as-phonetext\" aria-required=\"true\" aria-invalid=\"false\" placeholder=\"Phone number *\" value=\"\" type=\"text\" name=\"phonetext-603\" \/><input type=\"hidden\" name=\"phonetext-603-country-code\" class=\"wpcf7-phonetext-country-code\" \/><\/span>\n<\/label>\n\n<label>\n<span class=\"wpcf7-form-control-wrap\" data-name=\"your-email\"><input size=\"40\" class=\"wpcf7-form-control wpcf7-email wpcf7-validates-as-required wpcf7-text wpcf7-validates-as-email\" aria-required=\"true\" aria-invalid=\"false\" placeholder=\"J\u016bsu e-pasts *\" value=\"\" type=\"email\" name=\"your-email\" \/><\/span>\n<\/label>\n<\/div>\n\n<button type=\"submit\" class=\"rn-button-style--2 btn_solid\"> <span>Sa\u0146emiet konsult\u0101ciju!<\/span> <\/button>\n<\/div><div class=\"wpcf7-response-output\" aria-hidden=\"true\"><\/div>\n<input type=\"hidden\" name=\"trp-form-language\" value=\"lv\"\/><\/form>\n<\/div>\n<br \/>\n\t\t\t        <!-- Start Service Area  --><br \/>\n                                                            M\u016aSU POPUL\u0100RIE PAKALPOJUMI<\/p>\n<h3>M\u0113s r\u016bp\u0113jamies par j\u016bsu biznesu<\/h3>\n<p>No skaist\u0101m un efekt\u012bv\u0101m m\u0101rketinga vietn\u0113m l\u012bdz piel\u0101got\u0101m t\u012bmek\u013ca lietojumprogramm\u0101m.\nM\u0113s pied\u0101v\u0101jam kvalitat\u012bvu darbu, prec\u012bzu projektu vad\u012bbu un draudz\u012bgu cenu.<\/p>\n<p>                                                    <svg xmlns=\"http:\/\/www.w3.org\/2000\/svg\" width=\"24\" height=\"24\" viewbox=\"0 0 24 24\" fill=\"none\" stroke=\"currentColor\" stroke-width=\"1\" stroke-linecap=\"round\" stroke-linejoin=\"round\"><path d=\"M2 16.1A5 5 0 0 1 5.9 20M2 12.05A9 9 0 0 1 9.95 20M2 8V6a2 2 0 0 1 2-2h16a2 2 0 0 1 2 2v12a2 2 0 0 1-2 2h-6\"><\/path><line x1=\"2\" y1=\"20\" x2=\"2.01\" y2=\"20\"><\/line><\/svg>                                                <\/p>\n<h3>Biznesa strat\u0113\u0123ija<\/h3>\n<p>In today&#8217;s digital age, an effective online presence is crucial for the success of any business. This strategy outlines how to maximize visibility, attract quality leads, and ultimately drive growth.<\/p>\n<p>                                                    <svg xmlns=\"http:\/\/www.w3.org\/2000\/svg\" width=\"24\" height=\"24\" viewbox=\"0 0 24 24\" fill=\"none\" stroke=\"currentColor\" stroke-width=\"1\" stroke-linecap=\"round\" stroke-linejoin=\"round\"><polygon points=\"12 2 2 7 12 12 22 7 12 2\"><\/polygon><polyline points=\"2 17 12 22 22 17\"><\/polyline><polyline points=\"2 12 12 17 22 12\"><\/polyline><\/svg>                                                <\/p>\n<h3>Viet\u0146u izstr\u0101de<\/h3>\n<p>M\u0113s specializ\u0113jamies t\u0101du piel\u0101gotu viet\u0146u izstr\u0101d\u0113, kas ne tikai izskat\u0101s satrieco\u0161i, bet ar\u012b ie\u0146em augstu vietu mekl\u0113t\u0101jprogramm\u0101s, nodro\u0161inot dabisku trafiku j\u016bsu uz\u0146\u0113mumam<\/p>\n<p>                                                    <svg xmlns=\"http:\/\/www.w3.org\/2000\/svg\" width=\"24\" height=\"24\" viewbox=\"0 0 24 24\" fill=\"none\" stroke=\"currentColor\" stroke-width=\"1\" stroke-linecap=\"round\" stroke-linejoin=\"round\"><path d=\"M17 21v-2a4 4 0 0 0-4-4H5a4 4 0 0 0-4 4v2\"><\/path><circle cx=\"9\" cy=\"7\" r=\"4\"><\/circle><path d=\"M23 21v-2a4 4 0 0 0-3-3.87\"><\/path><path d=\"M16 3.13a4 4 0 0 1 0 7.75\"><\/path><\/svg>                                                <\/p>\n<h3>M\u0101rketings<\/h3>\n<p>In the digital landscape, your website success hinges on a dynamic blend of marketing prowess and data-driven reporting. At Sentus, we&#8217;ve mastered this synergy to help your brand soar.<\/p>\n<p>                                                    <svg xmlns=\"http:\/\/www.w3.org\/2000\/svg\" width=\"24\" height=\"24\" viewbox=\"0 0 24 24\" fill=\"none\" stroke=\"currentColor\" stroke-width=\"1\" stroke-linecap=\"round\" stroke-linejoin=\"round\"><polyline points=\"22 12 18 12 15 21 9 3 6 12 2 12\"><\/polyline><\/svg>                                                <\/p>\n<h3>Mobil\u0101 att\u012bst\u012bba<\/h3>\n<p>In today&#8217;s mobile-centric world, creating a remarkable app is only half the battle. To ensure your app reaches its full potential, integrating all important  strategies into your mobile app development process is crucial.<\/p>\n<p>        <!-- Start Service Area  --><br \/>\n        <!-- Start Brand Area --><\/p>\n<ul>\n<li>\n                                                                        <a href=\"#\" ><br \/>\n                                                                                                                            <img width=\"385\" height=\"100\" src=\"https:\/\/sentus.net\/wp-content\/uploads\/2021\/07\/cropped-business-card_NEW-1-1-4-1.png\" alt=\"\" decoding=\"async\" loading=\"lazy\" srcset=\"https:\/\/sentus.net\/wp-content\/uploads\/2021\/07\/cropped-business-card_NEW-1-1-4-1.png 385w, https:\/\/sentus.net\/wp-content\/uploads\/2021\/07\/cropped-business-card_NEW-1-1-4-1-300x78.png 300w\" sizes=\"auto, (max-width: 385px) 100vw, 385px\" \/>                                                                                                                    <\/a>\n                                                                    <\/li>\n<li>\n                                                                        <a href=\"#\" ><br \/>\n                                                                                                                            <img width=\"442\" height=\"100\" src=\"https:\/\/sentus.net\/wp-content\/uploads\/2021\/07\/ppeuniverse-logo-1-1.png\" alt=\"\" decoding=\"async\" loading=\"lazy\" srcset=\"https:\/\/sentus.net\/wp-content\/uploads\/2021\/07\/ppeuniverse-logo-1-1.png 442w, https:\/\/sentus.net\/wp-content\/uploads\/2021\/07\/ppeuniverse-logo-1-1-300x68.png 300w\" sizes=\"auto, (max-width: 442px) 100vw, 442px\" \/>                                                                                                                    <\/a>\n                                                                    <\/li>\n<li>\n                                                                        <a href=\"#\" ><br \/>\n                                                                                                                            <img width=\"1065\" height=\"100\" src=\"https:\/\/sentus.net\/wp-content\/uploads\/2021\/07\/Kmile-1.png\" alt=\"\" decoding=\"async\" loading=\"lazy\" srcset=\"https:\/\/sentus.net\/wp-content\/uploads\/2021\/07\/Kmile-1.png 1065w, https:\/\/sentus.net\/wp-content\/uploads\/2021\/07\/Kmile-1-300x28.png 300w, https:\/\/sentus.net\/wp-content\/uploads\/2021\/07\/Kmile-1-1024x96.png 1024w, https:\/\/sentus.net\/wp-content\/uploads\/2021\/07\/Kmile-1-768x72.png 768w\" sizes=\"auto, (max-width: 1065px) 100vw, 1065px\" \/>                                                                                                                    <\/a>\n                                                                    <\/li>\n<li>\n                                                                        <a href=\"#\" ><br \/>\n                                                                                                                            <img width=\"379\" height=\"100\" src=\"https:\/\/sentus.net\/wp-content\/uploads\/2021\/07\/Group-1.png\" alt=\"\" decoding=\"async\" loading=\"lazy\" srcset=\"https:\/\/sentus.net\/wp-content\/uploads\/2021\/07\/Group-1.png 379w, https:\/\/sentus.net\/wp-content\/uploads\/2021\/07\/Group-1-300x79.png 300w\" sizes=\"auto, (max-width: 379px) 100vw, 379px\" \/>                                                                                                                    <\/a>\n                                                                    <\/li>\n<li>\n                                                                        <a href=\"#\" ><br \/>\n                                                                                                                            <img width=\"553\" height=\"99\" src=\"https:\/\/sentus.net\/wp-content\/uploads\/2021\/07\/\u0421\u043b\u043e\u0438\u0306-2.png\" alt=\"\" decoding=\"async\" loading=\"lazy\" srcset=\"https:\/\/sentus.net\/wp-content\/uploads\/2021\/07\/\u0421\u043b\u043e\u0438\u0306-2.png 553w, https:\/\/sentus.net\/wp-content\/uploads\/2021\/07\/\u0421\u043b\u043e\u0438\u0306-2-300x54.png 300w\" sizes=\"auto, (max-width: 553px) 100vw, 553px\" \/>                                                                                                                    <\/a>\n                                                                    <\/li>\n<li>\n                                                                        <a href=\"#\" ><br \/>\n                                                                                                                            <img width=\"336\" height=\"100\" src=\"https:\/\/sentus.net\/wp-content\/uploads\/2021\/07\/upwork-2.png\" alt=\"\" decoding=\"async\" loading=\"lazy\" srcset=\"https:\/\/sentus.net\/wp-content\/uploads\/2021\/07\/upwork-2.png 336w, https:\/\/sentus.net\/wp-content\/uploads\/2021\/07\/upwork-2-300x89.png 300w\" sizes=\"auto, (max-width: 336px) 100vw, 336px\" \/>                                                                                                                    <\/a>\n                                                                    <\/li>\n<li>\n                                                                        <a href=\"#\" ><br \/>\n                                                                                                                            <img width=\"256\" height=\"100\" src=\"https:\/\/sentus.net\/wp-content\/uploads\/2021\/07\/ASLF-logo-1.png\" alt=\"\" decoding=\"async\" loading=\"lazy\" \/>                                                                                                                    <\/a>\n                                                                    <\/li>\n<\/ul>\n<p>        <!-- End Brand Area --><\/p>","protected":false},"excerpt":{"rendered":"<p>Global IT Solutions E-Commerce Diversifying where you sell online can help you reach new customers, especially as ecommerce becomes more competitive. Web apps Individual solutions to bring your idea to life. Ideal for automating business processes and generating revenue. UI \/ UX design Create user-friendly interfaces that enable users to understand how to use complex [&hellip;]<\/p>","protected":false},"author":1,"featured_media":0,"parent":0,"menu_order":0,"comment_status":"closed","ping_status":"closed","template":"elementor_header_footer","meta":{"om_disable_all_campaigns":false,"inline_featured_image":false,"_monsterinsights_skip_tracking":false,"_monsterinsights_sitenote_active":false,"_monsterinsights_sitenote_note":"","_monsterinsights_sitenote_category":0,"footnotes":""},"class_list":["post-175","page","type-page","status-publish","hentry"],"acf":[],"aioseo_notices":[],"_links":{"self":[{"href":"https:\/\/sentus.net\/lv\/wp-json\/wp\/v2\/pages\/175","targetHints":{"allow":["GET"]}}],"collection":[{"href":"https:\/\/sentus.net\/lv\/wp-json\/wp\/v2\/pages"}],"about":[{"href":"https:\/\/sentus.net\/lv\/wp-json\/wp\/v2\/types\/page"}],"author":[{"embeddable":true,"href":"https:\/\/sentus.net\/lv\/wp-json\/wp\/v2\/users\/1"}],"replies":[{"embeddable":true,"href":"https:\/\/sentus.net\/lv\/wp-json\/wp\/v2\/comments?post=175"}],"version-history":[{"count":170,"href":"https:\/\/sentus.net\/lv\/wp-json\/wp\/v2\/pages\/175\/revisions"}],"predecessor-version":[{"id":2199,"href":"https:\/\/sentus.net\/lv\/wp-json\/wp\/v2\/pages\/175\/revisions\/2199"}],"wp:attachment":[{"href":"https:\/\/sentus.net\/lv\/wp-json\/wp\/v2\/media?parent=175"}],"curies":[{"name":"wp","href":"https:\/\/api.w.org\/{rel}","templated":true}]}}