{"id":1749,"date":"2021-07-03T12:51:40","date_gmt":"2021-07-03T12:51:40","guid":{"rendered":"https:\/\/eclipse:8890\/?page_id=1749"},"modified":"2023-08-30T08:42:21","modified_gmt":"2023-08-30T08:42:21","slug":"security-and-virus-protection","status":"publish","type":"page","link":"https:\/\/sentus.net\/lv\/it-support\/security-and-virus-protection\/","title":{"rendered":"Dro\u0161\u012bba un aizsardz\u012bba pret v\u012brusiem"},"content":{"rendered":"<p><!-- Start Service Area  --><\/p>\n<h2>\u013baujiet m\u016bsu ekspertu komandai par\u016bp\u0113ties par dro\u0161\u012bbu.<\/h2>\n<p>M\u0113s \u013caujam jums koncentr\u0113ties uz j\u016bsu biznesu, neuztraucoties par dro\u0161\u012bbu. M\u0113s c\u012bt\u012bgi str\u0101d\u0101jam, lai jums neb\u016btu j\u0101uztraucas par programmat\u016bras aizsardz\u012bbu.\n<\/p>\n<h3>Endpoint aizsardz\u012bba &amp; Antiv\u012bruss<\/h3>\n<p>Aizsarg\u0101jiet darbstacijas un ier\u012bces no \u013caunpr\u0101t\u012bgas programmat\u016bras, v\u012brusiem, nozaud\u0113\u0161anas un z\u0101dz\u012bbas, izmantojot jaud\u012bgu, autom\u0101tisku dro\u0161\u012bbas programmat\u016bru un pretv\u012brusu sist\u0113mu.\n<\/p>\n<h3>Servera aizsardz\u012bba un dro\u0161\u012bba<\/h3>\n<p>M\u0113s pied\u0101v\u0101jam dro\u0161\u012bbas pakalpojumus, kas piel\u0101goti tie\u0161i serveriem. Pievienojiet 24\/7 sken\u0113\u0161anu, dubl\u0113\u0161anu un dro\u0161\u012bbas uzraudz\u012bbu, noklik\u0161\u0137inot uz pogas.\n<\/p>\n<h3>Piel\u0101gots dro\u0161\u012bbas audits un pl\u0101ns<\/h3>\n<p>M\u0113s nov\u0113rt\u0113jam j\u016bsu dro\u0161\u012bbu, izmantojot auditu, koncentr\u0113joties uz aparat\u016bru, saglab\u0101\u0161anu, politiku un citiem jaut\u0101jumiem.<\/p>\n<h3>M\u0101ko\u0146u dro\u0161\u012bbas pakalpojumi<\/h3>\n<p>Moderns v\u0113stu\u013cu veidlapu dizains<br \/>\nThe cloud is convenient but comes with hazards. Our team of experts helps you select secure cloud services and maximize security configurations.\n<\/p>\n<h3>Lietot\u0101ja un piek\u013cuves at\u013caujas<\/h3>\n<p>Noslogoti uz\u0146\u0113mumi bie\u017ei vien neiev\u0113ro darbinieku datu kontroli. M\u0113s pal\u012bdzam jums organiz\u0113t un iestat\u012bt dro\u0161u, kontrol\u0113tu piek\u013cuvi darbinieku datiem.<\/p>\n<h3>Dro\u0161\u012bbas apm\u0101c\u012bba un politika<\/h3>\n<p>Apg\u016bstiet darbinieku apm\u0101c\u012bbu ar vienk\u0101r\u0161u, efekt\u012bvu dro\u0161\u012bbas praksi un ieviesiet savu dro\u0161\u012bbas pl\u0101nu, minim\u0101li ietekm\u0113jot darbpl\u016bsmu.<\/p>\n<p>        <!-- Start Service Area  --><\/p>\n<h2>Sa\u0146emiet bezmaksas tie\u0161saistes konsult\u0101ciju!<\/h2>\n\n<div class=\"wpcf7 no-js\" id=\"wpcf7-f1822-o1\" lang=\"en-US\" dir=\"ltr\">\n<div class=\"screen-reader-response\"><p role=\"status\" aria-live=\"polite\" aria-atomic=\"true\"><\/p> <ul><\/ul><\/div>\n<form action=\"\/lv\/wp-json\/wp\/v2\/pages\/1749#wpcf7-f1822-o1\" method=\"post\" class=\"wpcf7-form init\" aria-label=\"Contact form\" novalidate=\"novalidate\" data-status=\"init\" data-trp-original-action=\"\/lv\/wp-json\/wp\/v2\/pages\/1749#wpcf7-f1822-o1\">\n<div style=\"display: none;\">\n<input type=\"hidden\" name=\"_wpcf7\" value=\"1822\" \/>\n<input type=\"hidden\" name=\"_wpcf7_version\" value=\"5.8\" \/>\n<input type=\"hidden\" name=\"_wpcf7_locale\" value=\"en_US\" \/>\n<input type=\"hidden\" name=\"_wpcf7_unit_tag\" value=\"wpcf7-f1822-o1\" \/>\n<input type=\"hidden\" name=\"_wpcf7_container_post\" value=\"0\" \/>\n<input type=\"hidden\" name=\"_wpcf7_posted_data_hash\" value=\"\" \/>\n<input type=\"hidden\" name=\"_wpcf7_recaptcha_response\" value=\"\" \/>\n<\/div>\n<div class=\"form-wrap\">\n<div class=\"input-wrap\">\n<label>\n<span class=\"wpcf7-form-control-wrap\" data-name=\"your-name\"><input size=\"40\" class=\"wpcf7-form-control wpcf7-text wpcf7-validates-as-required\" aria-required=\"true\" aria-invalid=\"false\" placeholder=\"J\u016bsu v\u0101rds *\" value=\"\" type=\"text\" name=\"your-name\" \/><\/span>\n<\/label>\n\n<label>\n<span class=\"wpcf7-form-control-wrap\" data-name=\"phonetext-603\"><input size=\"40\" class=\"wpcf7-form-control wpcf7-phonetext wpcf7-validates-as-required wpcf7-text wpcf7-validates-as-phonetext\" aria-required=\"true\" aria-invalid=\"false\" placeholder=\"Phone number *\" value=\"\" type=\"text\" name=\"phonetext-603\" \/><input type=\"hidden\" name=\"phonetext-603-country-code\" class=\"wpcf7-phonetext-country-code\" \/><\/span>\n<\/label>\n\n<label>\n<span class=\"wpcf7-form-control-wrap\" data-name=\"your-email\"><input size=\"40\" class=\"wpcf7-form-control wpcf7-email wpcf7-validates-as-required wpcf7-text wpcf7-validates-as-email\" aria-required=\"true\" aria-invalid=\"false\" placeholder=\"J\u016bsu e-pasts *\" value=\"\" type=\"email\" name=\"your-email\" \/><\/span>\n<\/label>\n<\/div>\n\n<button type=\"submit\" class=\"rn-button-style--2 btn_solid\"> <span>Sa\u0146emiet konsult\u0101ciju!<\/span> <\/button>\n<\/div><div class=\"wpcf7-response-output\" aria-hidden=\"true\"><\/div>\n<input type=\"hidden\" name=\"trp-form-language\" value=\"lv\"\/><\/form>\n<\/div>\n\n<h2>Pilns dro\u0161\u012bbas pakalpojumu komplekts biznesam<\/h2>\n<p>M\u0113s pied\u0101v\u0101jam pla\u0161u dro\u0161\u012bbas pakalpojumu kl\u0101stu, lai apmierin\u0101tu j\u016bsu organiz\u0101cijas individu\u0101l\u0101s vajadz\u012bbas. No tradicion\u0101l\u0101s dro\u0161\u012bbas un pretv\u012brusu programmat\u016bras l\u012bdz m\u0101ko\u0146dro\u0161\u012bbai un lietot\u0101ju apm\u0101c\u012bbai, m\u0113s pied\u0101v\u0101jam jums piem\u0113rotus r\u012bkus.<\/p>\n<p>\t\t\t\t\t\t\t\t\t\t\t\t\t\t\t<img decoding=\"async\" width=\"2560\" height=\"1598\" src=\"https:\/\/sentus.net\/wp-content\/uploads\/2023\/08\/man-touching-a-screen-generating.jpg\" alt=\"\" loading=\"lazy\" srcset=\"https:\/\/sentus.net\/wp-content\/uploads\/2023\/08\/man-touching-a-screen-generating.jpg 2560w, https:\/\/sentus.net\/wp-content\/uploads\/2023\/08\/man-touching-a-screen-generating-300x187.jpg 300w, https:\/\/sentus.net\/wp-content\/uploads\/2023\/08\/man-touching-a-screen-generating-1024x639.jpg 1024w, https:\/\/sentus.net\/wp-content\/uploads\/2023\/08\/man-touching-a-screen-generating-768x479.jpg 768w, https:\/\/sentus.net\/wp-content\/uploads\/2023\/08\/man-touching-a-screen-generating-1536x959.jpg 1536w, https:\/\/sentus.net\/wp-content\/uploads\/2023\/08\/man-touching-a-screen-generating-2048x1278.jpg 2048w\" sizes=\"auto, (max-width: 2560px) 100vw, 2560px\" \/>\t\t\t\t\t\t\t\t\t\t\t\t\t\t\t<\/p>\n<h2>\n<h4 style=\"margin-bottom: 0px; padding: 0px; list-style: none;  line-height: 1; color: rgb(249, 25, 66); font-size: 34px; position: relative; letter-spacing: 0.3px; outline: none !important;\"> Fully Managed &nbsp;Security <\/h4>\n<\/h2>\n<p>M\u016bsu dro\u0161\u012bbas pl\u0101ni un r\u012bki tiek piln\u012bb\u0101 p\u0101rvald\u012bti no m\u016bsu centr\u0101l\u0101 biroja. M\u0113s aizsarg\u0101jam, uzraug\u0101m, zi\u0146ojam un mazin\u0101m probl\u0113mas, nep\u0101rtraucot j\u016bsu biznesa procesus.<\/p>\n<p>\u00a0<\/p>\n<h2>\n<h2 data-elementor-setting-key=\"title\" data-pen-placeholder=\"Type Here...\" style=\"font-size: var(--h2);\">\n<h4 style=\"margin-bottom: 0px; line-height: 1; font-size: 34px; color: rgb(249, 25, 66); padding: 0px; list-style: none; position: relative; letter-spacing: 0.3px; outline: none !important;\"> Powerful,  Lightweight Protection <\/h4>\n<\/h2>\n<\/h2>\n<p>M\u016bsu tehnolo\u0123ija ir \u013coti efekt\u012bva un pietiekami dro\u0161a.<\/p>\n<p>\u00a0<\/p>\n<p>\t\t\t\t\t\t\t\t\t\t\t\t\t\t\t<img decoding=\"async\" width=\"2124\" height=\"1412\" src=\"https:\/\/sentus.net\/wp-content\/uploads\/2023\/08\/zero-trust-network-security-concept.jpg\" alt=\"\" loading=\"lazy\" srcset=\"https:\/\/sentus.net\/wp-content\/uploads\/2023\/08\/zero-trust-network-security-concept.jpg 2124w, https:\/\/sentus.net\/wp-content\/uploads\/2023\/08\/zero-trust-network-security-concept-300x199.jpg 300w, https:\/\/sentus.net\/wp-content\/uploads\/2023\/08\/zero-trust-network-security-concept-1024x681.jpg 1024w, https:\/\/sentus.net\/wp-content\/uploads\/2023\/08\/zero-trust-network-security-concept-768x511.jpg 768w, https:\/\/sentus.net\/wp-content\/uploads\/2023\/08\/zero-trust-network-security-concept-1536x1021.jpg 1536w, https:\/\/sentus.net\/wp-content\/uploads\/2023\/08\/zero-trust-network-security-concept-2048x1361.jpg 2048w, https:\/\/sentus.net\/wp-content\/uploads\/2023\/08\/zero-trust-network-security-concept-650x433.jpg 650w\" sizes=\"auto, (max-width: 2124px) 100vw, 2124px\" \/><br \/>\n\t\t\t\t\t\t\t\t\t\t\t\t\t\t\t<img decoding=\"async\" width=\"1500\" height=\"900\" src=\"https:\/\/sentus.net\/wp-content\/uploads\/2023\/08\/075f5ac773e56b117376d4e6ff717fbc.jpg\" alt=\"\" loading=\"lazy\" srcset=\"https:\/\/sentus.net\/wp-content\/uploads\/2023\/08\/075f5ac773e56b117376d4e6ff717fbc.jpg 1500w, https:\/\/sentus.net\/wp-content\/uploads\/2023\/08\/075f5ac773e56b117376d4e6ff717fbc-300x180.jpg 300w, https:\/\/sentus.net\/wp-content\/uploads\/2023\/08\/075f5ac773e56b117376d4e6ff717fbc-1024x614.jpg 1024w, https:\/\/sentus.net\/wp-content\/uploads\/2023\/08\/075f5ac773e56b117376d4e6ff717fbc-768x461.jpg 768w\" sizes=\"auto, (max-width: 1500px) 100vw, 1500px\" \/>\t\t\t\t\t\t\t\t\t\t\t\t\t\t\t<\/p>\n<h2>\n<h4 style=\"margin-bottom: 0px; padding: 0px; list-style: none;  line-height: 1; color: rgb(249, 25, 66); font-size: 34px; position: relative; letter-spacing: 0.3px; outline: none !important;\"> Comprehensive Protection  That Never Sleeps <\/h4>\n<\/h2>\n<p>M\u016bsu dro\u0161\u012bbas aizsardz\u012bba p\u0101rsniedz tikai darbvirsmas antiv\u012brusu, lai nodro\u0161in\u0101tu piln\u012bgu dro\u0161\u012bbas profilu j\u016bsu organiz\u0101cijai. M\u0113s uzraug\u0101m un aizsarg\u0101jam serverus, galapunktu darbstacijas un pat m\u0101ko\u0146pakalpojumus. M\u016bsu pakalpojumi darbojas 24\/7 ar aizsardz\u012bbu, uzraudz\u012bbu un br\u012bdin\u0101jumiem.<\/p>\n<p>\u00a0<\/p>","protected":false},"excerpt":{"rendered":"<p>Let our expert team handle all of your security needs We let you focus on your business and let you stop worrying about security. From antivirus and malware protection to security policies and access control, we think about security every day so that you don\u2019t have to. Endpoint Protection &amp; Antivirus Protect workstations and devices [&hellip;]<\/p>","protected":false},"author":1,"featured_media":0,"parent":1573,"menu_order":0,"comment_status":"closed","ping_status":"closed","template":"elementor_header_footer","meta":{"om_disable_all_campaigns":false,"inline_featured_image":false,"_monsterinsights_skip_tracking":false,"_monsterinsights_sitenote_active":false,"_monsterinsights_sitenote_note":"","_monsterinsights_sitenote_category":0,"footnotes":""},"class_list":["post-1749","page","type-page","status-publish","hentry"],"acf":[],"aioseo_notices":[],"_links":{"self":[{"href":"https:\/\/sentus.net\/lv\/wp-json\/wp\/v2\/pages\/1749","targetHints":{"allow":["GET"]}}],"collection":[{"href":"https:\/\/sentus.net\/lv\/wp-json\/wp\/v2\/pages"}],"about":[{"href":"https:\/\/sentus.net\/lv\/wp-json\/wp\/v2\/types\/page"}],"author":[{"embeddable":true,"href":"https:\/\/sentus.net\/lv\/wp-json\/wp\/v2\/users\/1"}],"replies":[{"embeddable":true,"href":"https:\/\/sentus.net\/lv\/wp-json\/wp\/v2\/comments?post=1749"}],"version-history":[{"count":35,"href":"https:\/\/sentus.net\/lv\/wp-json\/wp\/v2\/pages\/1749\/revisions"}],"predecessor-version":[{"id":2145,"href":"https:\/\/sentus.net\/lv\/wp-json\/wp\/v2\/pages\/1749\/revisions\/2145"}],"up":[{"embeddable":true,"href":"https:\/\/sentus.net\/lv\/wp-json\/wp\/v2\/pages\/1573"}],"wp:attachment":[{"href":"https:\/\/sentus.net\/lv\/wp-json\/wp\/v2\/media?parent=1749"}],"curies":[{"name":"wp","href":"https:\/\/api.w.org\/{rel}","templated":true}]}}