{"id":1732,"date":"2021-07-03T12:32:56","date_gmt":"2021-07-03T12:32:56","guid":{"rendered":"https:\/\/eclipse:8890\/?page_id=1732"},"modified":"2023-08-25T14:29:51","modified_gmt":"2023-08-25T14:29:51","slug":"desktop-user-support","status":"publish","type":"page","link":"https:\/\/sentus.net\/lv\/it-support\/desktop-user-support\/","title":{"rendered":"Darbvirsmas un lietot\u0101ju atbalsts"},"content":{"rendered":"<p><!-- Start Service Area  --><\/p>\n<h2>It&#8217;s Like Having the World&#8217;s Best IT Guy<\/h2>\n<p>Esam tikai telefona zvana vai e-pasta zi\u0146as att\u0101lum\u0101. M\u016bsu komanda var jums pied\u0101v\u0101t pla\u0161u pakalpojumu kl\u0101stu:<\/p>\n<p>                                                                    <a href=\"#\"  ><\/p>\n<h3>Kl\u0101tienes un att\u0101lin\u0101tais atbalsts<\/h3>\n<p>Pied\u0101v\u0101jam sa\u0146emt atbalstu uz vietas vai zvaniet\/s\u016btiet mums e-pastu, lai sa\u0146emtu \u0101tr\u0101ku atbildi. M\u0113s izmantojam jaud\u012bgu programmat\u016bru, lai kop\u012bgotu j\u016bsu ekr\u0101nu un sa\u0146emtu pal\u012bdz\u012bbu.<\/p>\n<p>                                 <\/a><br \/>\n                                                                    <a href=\"#\"  ><\/p>\n<h3>Darbstaciju vad\u012bba un apkope<\/h3>\n<p>Varat b\u016bt dro\u0161s, zinot, ka m\u016bsu uzlabot\u0101 p\u0101rraudz\u012bbas programmat\u016bra p\u0101rbauda visas j\u016bsu ier\u012bces 24 stundas diennakt\u012b, autom\u0101tiski br\u012bdinot m\u016bs par j\u016bsu probl\u0113mu risin\u0101\u0161anu.<\/p>\n<p>                                 <\/a><br \/>\n                                                                    <a href=\"#\"  ><\/p>\n<h3>Mobilo ier\u012b\u010du atbalsts un sinhroniz\u0101cija<\/h3>\n<p>M\u0113s pal\u012bdzam jums konfigur\u0113t, atjaunin\u0101t un aizsarg\u0101t j\u016bsu mobil\u0101s ier\u012bces. M\u0113s varam pal\u012bdz\u0113t jums piek\u013c\u016bt j\u016bsu uz\u0146\u0113muma datiem no jebkuras vietas un blo\u0137\u0113t ier\u012bces, ja t\u0101s tiek pazaud\u0113tas vai nozagtas.<\/p>\n<p>                                 <\/a><br \/>\n                                                                    <a href=\"#\"  ><\/p>\n<h3>Antiv\u012bruss, dubl\u0113\u0161ana un dro\u0161\u012bba<\/h3>\n<p>Nodro\u0161iniet savu darbstaciju dro\u0161\u012bbu un aizsardz\u012bbu pret v\u012brusiem vai zag\u013ciem. Ziniet, kur vienm\u0113r atrodas visas j\u016bsu iek\u0101rtas, un dubl\u0113jiet savus datus 24\/7.<\/p>\n<p>                                 <\/a><br \/>\n                                                                    <a href=\"#\"  ><\/p>\n<h3>IT inventariz\u0101cija un izseko\u0161ana<\/h3>\n<p>M\u0113s p\u0101rvald\u0101m j\u016bsu IT invent\u0101ru un dokument\u0113jam j\u016bsu sist\u0113mas. P\u0101rtrauciet uztraukties par j\u016bsu iek\u0101rtu atra\u0161anos, un s\u0101ciet sa\u0146emt ikm\u0113ne\u0161a zi\u0146ojumu par to statusu, atra\u0161an\u0101s vietu un konfigur\u0101ciju.<\/p>\n<p>                                 <\/a><br \/>\n                                                                    <a href=\"#\"  ><\/p>\n<h3>Darbstaciju jaunin\u0101\u0161ana un nomai\u0146a<\/h3>\n<p>Pateicoties m\u016bsu uzlabotajai uzraudz\u012bbas sist\u0113mai, m\u0113s inform\u0113sim, kad ir pien\u0101cis laiks atjaunin\u0101t vai nomain\u012bt darbstacijas.<\/p>\n<p>                                 <\/a><br \/>\n        <!-- Start Service Area  --><\/p>\n<h2>Sa\u0146emiet bezmaksas tie\u0161saistes konsult\u0101ciju!<\/h2>\n<p>\t\t\n<div class=\"wpcf7 no-js\" id=\"wpcf7-f1822-o1\" lang=\"en-US\" dir=\"ltr\">\n<div class=\"screen-reader-response\"><p role=\"status\" aria-live=\"polite\" aria-atomic=\"true\"><\/p> <ul><\/ul><\/div>\n<form action=\"\/lv\/wp-json\/wp\/v2\/pages\/1732#wpcf7-f1822-o1\" method=\"post\" class=\"wpcf7-form init\" aria-label=\"Contact form\" novalidate=\"novalidate\" data-status=\"init\" data-trp-original-action=\"\/lv\/wp-json\/wp\/v2\/pages\/1732#wpcf7-f1822-o1\">\n<div style=\"display: none;\">\n<input type=\"hidden\" name=\"_wpcf7\" value=\"1822\" \/>\n<input type=\"hidden\" name=\"_wpcf7_version\" value=\"5.8\" \/>\n<input type=\"hidden\" name=\"_wpcf7_locale\" value=\"en_US\" \/>\n<input type=\"hidden\" name=\"_wpcf7_unit_tag\" value=\"wpcf7-f1822-o1\" \/>\n<input type=\"hidden\" name=\"_wpcf7_container_post\" value=\"0\" \/>\n<input type=\"hidden\" name=\"_wpcf7_posted_data_hash\" value=\"\" \/>\n<input type=\"hidden\" name=\"_wpcf7_recaptcha_response\" value=\"\" \/>\n<\/div>\n<div class=\"form-wrap\">\n<div class=\"input-wrap\">\n<label>\n<span class=\"wpcf7-form-control-wrap\" data-name=\"your-name\"><input size=\"40\" class=\"wpcf7-form-control wpcf7-text wpcf7-validates-as-required\" aria-required=\"true\" aria-invalid=\"false\" placeholder=\"J\u016bsu v\u0101rds *\" value=\"\" type=\"text\" name=\"your-name\" \/><\/span>\n<\/label>\n\n<label>\n<span class=\"wpcf7-form-control-wrap\" data-name=\"phonetext-603\"><input size=\"40\" class=\"wpcf7-form-control wpcf7-phonetext wpcf7-validates-as-required wpcf7-text wpcf7-validates-as-phonetext\" aria-required=\"true\" aria-invalid=\"false\" placeholder=\"Phone number *\" value=\"\" type=\"text\" name=\"phonetext-603\" \/><input type=\"hidden\" name=\"phonetext-603-country-code\" class=\"wpcf7-phonetext-country-code\" \/><\/span>\n<\/label>\n\n<label>\n<span class=\"wpcf7-form-control-wrap\" data-name=\"your-email\"><input size=\"40\" class=\"wpcf7-form-control wpcf7-email wpcf7-validates-as-required wpcf7-text wpcf7-validates-as-email\" aria-required=\"true\" aria-invalid=\"false\" placeholder=\"J\u016bsu e-pasts *\" value=\"\" type=\"email\" name=\"your-email\" \/><\/span>\n<\/label>\n<\/div>\n\n<button type=\"submit\" class=\"rn-button-style--2 btn_solid\"> <span>Sa\u0146emiet konsult\u0101ciju!<\/span> <\/button>\n<\/div><div class=\"wpcf7-response-output\" aria-hidden=\"true\"><\/div>\n<input type=\"hidden\" name=\"trp-form-language\" value=\"lv\"\/><\/form>\n<\/div>\n<br \/>\n\t\t\t        <!-- Start Service Area  --><\/p>\n<h2>3 iemesli, k\u0101p\u0113c izv\u0113l\u0113ties SENTUS<\/h2>\n<p>                                                                    <a href=\"#\"  ><\/p>\n<h3>Profesion\u0101li un draudz\u012bgi tehni\u0137i<\/h3>\n<p>Visi m\u016bsu tehni\u0137i str\u0101d\u0101 kop\u0101 \u0161eit, m\u016bsu R\u012bgas biroj\u0101, daloties resursos un iepaz\u012bstot m\u016bsu klientus. M\u0113s r\u016bp\u012bgi atlas\u0101m savus tehni\u0137us un klientus, \u013caujot mums nodro\u0161in\u0101t kvalitat\u012bvas attiec\u012bbas, kas balst\u012btas uz uztic\u0113\u0161anos.\n<\/p>\n<p>                                 <\/a><br \/>\n                                                                    <a href=\"#\"  ><\/p>\n<h3>Organiz\u0113ta, atbild\u012bga probl\u0113mu risin\u0101\u0161ana<\/h3>\n<p>M\u0113s izmantojam nozar\u0113 vado\u0161os r\u012bkus, lai izsekotu un uzraudz\u012btu probl\u0113mas, sadarbotos starp tehni\u0137iem, sazin\u0101tos ar m\u016bsu klientiem un r\u016bp\u012bgi re\u0123istr\u0113tu visu probl\u0113mu risin\u0101\u0161anu, lai nodro\u0161in\u0101tu piln\u012bgu atbild\u012bbu.\n<\/p>\n<p>                                 <\/a><br \/>\n                                                                    <a href=\"#\"  ><\/p>\n<h3>Apkope vis\u0101m tehnolo\u0123ij\u0101m<\/h3>\n<p>J\u016bs zin\u0101t, ka m\u0113s atjaunojam sist\u0113mas, izmantojot m\u016bsu r\u016bp\u012bgos p\u0101rskatus un uzraudz\u012bbu.<\/p>\n<p>                                 <\/a><br \/>\n        <!-- Start Service Area  --><\/p>","protected":false},"excerpt":{"rendered":"<p>It&#8217;s Like Having the World&#8217;s Best IT Guy We\u2019re just a phone call or email away. Our team can offer you a wide range of expertise: On-site and remote support Schedule an appointment to get help on site, or call\/email us for a faster response. We use powerful software to share your screen and get [&hellip;]<\/p>","protected":false},"author":1,"featured_media":0,"parent":1573,"menu_order":0,"comment_status":"closed","ping_status":"closed","template":"elementor_header_footer","meta":{"om_disable_all_campaigns":false,"inline_featured_image":false,"_monsterinsights_skip_tracking":false,"_monsterinsights_sitenote_active":false,"_monsterinsights_sitenote_note":"","_monsterinsights_sitenote_category":0,"footnotes":""},"class_list":["post-1732","page","type-page","status-publish","hentry"],"acf":[],"aioseo_notices":[],"_links":{"self":[{"href":"https:\/\/sentus.net\/lv\/wp-json\/wp\/v2\/pages\/1732","targetHints":{"allow":["GET"]}}],"collection":[{"href":"https:\/\/sentus.net\/lv\/wp-json\/wp\/v2\/pages"}],"about":[{"href":"https:\/\/sentus.net\/lv\/wp-json\/wp\/v2\/types\/page"}],"author":[{"embeddable":true,"href":"https:\/\/sentus.net\/lv\/wp-json\/wp\/v2\/users\/1"}],"replies":[{"embeddable":true,"href":"https:\/\/sentus.net\/lv\/wp-json\/wp\/v2\/comments?post=1732"}],"version-history":[{"count":14,"href":"https:\/\/sentus.net\/lv\/wp-json\/wp\/v2\/pages\/1732\/revisions"}],"predecessor-version":[{"id":2006,"href":"https:\/\/sentus.net\/lv\/wp-json\/wp\/v2\/pages\/1732\/revisions\/2006"}],"up":[{"embeddable":true,"href":"https:\/\/sentus.net\/lv\/wp-json\/wp\/v2\/pages\/1573"}],"wp:attachment":[{"href":"https:\/\/sentus.net\/lv\/wp-json\/wp\/v2\/media?parent=1732"}],"curies":[{"name":"wp","href":"https:\/\/api.w.org\/{rel}","templated":true}]}}