{"id":1719,"date":"2021-07-03T12:15:42","date_gmt":"2021-07-03T12:15:42","guid":{"rendered":"https:\/\/eclipse:8890\/?page_id=1719"},"modified":"2023-08-25T14:27:27","modified_gmt":"2023-08-25T14:27:27","slug":"server-network-support","status":"publish","type":"page","link":"https:\/\/sentus.net\/lv\/it-support\/server-network-support\/","title":{"rendered":"Serveru un t\u012bkla atbalsts"},"content":{"rendered":"<p><!-- Start Service Area  --><\/p>\n<h2>M\u0113s par\u016bp\u0113simies par j\u016bsu IT infrastrukt\u016bru<\/h2>\n<p>P\u0101r\u0101k daudz uz\u0146\u0113mumu \u013cauj saviem serveriem, datiem un t\u012bkliem palikt nep\u0101rvald\u012btiem ned\u0113\u013c\u0101m vai m\u0113ne\u0161iem. Nepak\u013caujiet savu IT infrastrukt\u016bru riskam, ignor\u0113jot br\u012bdin\u0101juma z\u012bmes vai neveicot apkopes un dro\u0161\u012bbas uzdevumus. \u013baujiet mums par\u016bp\u0113ties par j\u016bsu sist\u0113m\u0101m, lai nodro\u0161in\u0101tu biznesa produktivit\u0101ti.<\/p>\n<p>                                                                    <a href=\"#\"  ><\/p>\n<h3>Servera iestat\u012b\u0161ana un jaunin\u0101\u0161ana<\/h3>\n<p>Nomainiet savu pa\u0161reiz\u0113jo serveri, lai \u0161odien izmantotu visas pieejam\u0101s servera tehnolo\u0123ijas.<\/p>\n<p>                                 <\/a><br \/>\n                                                                    <a href=\"#\"  ><\/p>\n<h3>T\u012bkla dro\u0161\u012bba<\/h3>\n<p>Iev\u0113rojiet pareizo dro\u0161\u012bbas praksi, lai aizsarg\u0101tu savus datus un t\u012bklu no uzlau\u0161anas un t\u012bkla v\u012brusiem.\n<\/p>\n<p>                                 <\/a><br \/>\n                                                                    <a href=\"#\"  ><\/p>\n<h3>Serveru un t\u012bkla uzraudz\u012bba un apkope<\/h3>\n<p>Aizsarg\u0101jiet savus ieguld\u012bjumus un palieliniet darb\u012bbas laiku, izmantojot m\u016bsu uzraudz\u012bbas un apkopes pakalpojumus.<\/p>\n<p>                                 <\/a><br \/>\n                                                                    <a href=\"#\"  ><\/p>\n<h3>Windows, Mac serveri<\/h3>\n<p>M\u0113s atbalst\u0101m Windows un Mac - nav nevienas servera tehnolo\u0123ijas, ar kuru m\u0113s nevar\u0113tu str\u0101d\u0101t.<\/p>\n<p>                                 <\/a><br \/>\n                                                                    <a href=\"#\"  ><\/p>\n<h3>VPN un att\u0101lin\u0101t\u0101 piek\u013cuve<\/h3>\n<p>VPN un att\u0101lin\u0101t\u0101s piek\u013cuves risin\u0101jumi ietver piek\u013cuvi mobilaj\u0101s ier\u012bc\u0113s.<\/p>\n<p>                                 <\/a><br \/>\n                                                                    <a href=\"#\"  ><\/p>\n<h3>WiFi un t\u012bkla dro\u0161\u012bba<\/h3>\n<p>Pareizi iestatiet t\u012bklu, lai nodro\u0161in\u0101tu maksim\u0101lu Wi-Fi pieejam\u012bbu ar minim\u0101lu dro\u0161\u012bbas risku.<\/p>\n<p>                                 <\/a><br \/>\n        <!-- Start Service Area  --><\/p>\n<h2>Sa\u0146emiet bezmaksas tie\u0161saistes konsult\u0101ciju!<\/h2>\n<p>\t\t\n<div class=\"wpcf7 no-js\" id=\"wpcf7-f1822-o1\" lang=\"en-US\" dir=\"ltr\">\n<div class=\"screen-reader-response\"><p role=\"status\" aria-live=\"polite\" aria-atomic=\"true\"><\/p> <ul><\/ul><\/div>\n<form action=\"\/lv\/wp-json\/wp\/v2\/pages\/1719#wpcf7-f1822-o1\" method=\"post\" class=\"wpcf7-form init\" aria-label=\"Contact form\" novalidate=\"novalidate\" data-status=\"init\" data-trp-original-action=\"\/lv\/wp-json\/wp\/v2\/pages\/1719#wpcf7-f1822-o1\">\n<div style=\"display: none;\">\n<input type=\"hidden\" name=\"_wpcf7\" value=\"1822\" \/>\n<input type=\"hidden\" name=\"_wpcf7_version\" value=\"5.8\" \/>\n<input type=\"hidden\" name=\"_wpcf7_locale\" value=\"en_US\" \/>\n<input type=\"hidden\" name=\"_wpcf7_unit_tag\" value=\"wpcf7-f1822-o1\" \/>\n<input type=\"hidden\" name=\"_wpcf7_container_post\" value=\"0\" \/>\n<input type=\"hidden\" name=\"_wpcf7_posted_data_hash\" value=\"\" \/>\n<input type=\"hidden\" name=\"_wpcf7_recaptcha_response\" value=\"\" \/>\n<\/div>\n<div class=\"form-wrap\">\n<div class=\"input-wrap\">\n<label>\n<span class=\"wpcf7-form-control-wrap\" data-name=\"your-name\"><input size=\"40\" class=\"wpcf7-form-control wpcf7-text wpcf7-validates-as-required\" aria-required=\"true\" aria-invalid=\"false\" placeholder=\"J\u016bsu v\u0101rds *\" value=\"\" type=\"text\" name=\"your-name\" \/><\/span>\n<\/label>\n\n<label>\n<span class=\"wpcf7-form-control-wrap\" data-name=\"phonetext-603\"><input size=\"40\" class=\"wpcf7-form-control wpcf7-phonetext wpcf7-validates-as-required wpcf7-text wpcf7-validates-as-phonetext\" aria-required=\"true\" aria-invalid=\"false\" placeholder=\"Phone number *\" value=\"\" type=\"text\" name=\"phonetext-603\" \/><input type=\"hidden\" name=\"phonetext-603-country-code\" class=\"wpcf7-phonetext-country-code\" \/><\/span>\n<\/label>\n\n<label>\n<span class=\"wpcf7-form-control-wrap\" data-name=\"your-email\"><input size=\"40\" class=\"wpcf7-form-control wpcf7-email wpcf7-validates-as-required wpcf7-text wpcf7-validates-as-email\" aria-required=\"true\" aria-invalid=\"false\" placeholder=\"J\u016bsu e-pasts *\" value=\"\" type=\"email\" name=\"your-email\" \/><\/span>\n<\/label>\n<\/div>\n\n<button type=\"submit\" class=\"rn-button-style--2 btn_solid\"> <span>Sa\u0146emiet konsult\u0101ciju!<\/span> <\/button>\n<\/div><div class=\"wpcf7-response-output\" aria-hidden=\"true\"><\/div>\n<input type=\"hidden\" name=\"trp-form-language\" value=\"lv\"\/><\/form>\n<\/div>\n<br \/>\n\t\t\t        <!-- Start Service Area  --><\/p>\n<h2>M\u0113s par\u016bp\u0113simies par uzraudz\u012bbu un uztur\u0113\u0161anu<\/h2>\n<p>                                                                    <a href=\"#\"  ><\/p>\n<h3>Maksimiz\u0113jiet darb\u012bbas laiku<\/h3>\n<p>M\u016bsu uzraudz\u012bbas risin\u0101jums iev\u0113rojami uzlabo darb\u012bbas laiku, uztverot br\u012bdin\u0101juma z\u012bmes, pirms t\u0101s k\u013c\u016bst par probl\u0113m\u0101m.<\/p>\n<p>                                 <\/a><br \/>\n                                                                    <a href=\"#\"  ><\/p>\n<h3>Rezerves uzraudz\u012bba<\/h3>\n<p>Ziniet, ka j\u016bsu rezerves kopijas katru vakaru tiek veiksm\u012bgi izstr\u0101d\u0101tas. Iek\u013cauti \u0101rk\u0101rtas r\u012bc\u012bbas pl\u0101ni neveiksm\u012bgas rezerves kopijas gad\u012bjum\u0101.\n<\/p>\n<p>                                 <\/a><br \/>\n                                                                    <a href=\"#\"  ><\/p>\n<h3>Dro\u0161\u012bba un iel\u0101pu p\u0101rvald\u012bba<\/h3>\n<p>M\u0113s nodro\u0161in\u0101m j\u016bsu servera un t\u012bkla dro\u0161\u012bbu, katru ned\u0113\u013cu atjauninot dro\u0161\u012bbas izlaidumus ar pilnu audita v\u0113sturi.<\/p>\n<p>                                 <\/a><br \/>\n                                                                    <a href=\"#\"  ><\/p>\n<h3>Aparat\u016bras un k\u013c\u016bdu \u017eurn\u0101la uzraudz\u012bba<\/h3>\n<p>M\u0113s uztveram br\u012bdin\u0101juma z\u012bmes, pirms t\u0101s k\u013c\u016bst par probl\u0113m\u0101m, re\u0123istr\u0113jot un uzraugot kritiskos aparat\u016bras un k\u013c\u016bdu \u017eurn\u0101lus.<\/p>\n<p>                                 <\/a><br \/>\n                                                                    <a href=\"#\"  ><\/p>\n<h3>Draudz\u012bgs, viet\u0113jais atbalsts<\/h3>\n<p>M\u016bsu draudz\u012bg\u0101 komanda, kas atrodas R\u012bg\u0101, ir slavena ar savu person\u012bgo pieeju un atsauc\u012bbu.<\/p>\n<p>                                 <\/a><br \/>\n                                                                    <a href=\"#\"  ><\/p>\n<h3>24\/7 uzraudz\u012bba<\/h3>\n<p>M\u0113s uzraug\u0101m j\u016bsu kritisk\u0101s sist\u0113mas 24 stundas diennakt\u012b, ne tikai darba laik\u0101, lai nodro\u0161in\u0101tu, ka probl\u0113mas tiek risin\u0101tas p\u0113c iesp\u0113jas \u0101tr\u0101k.<\/p>\n<p>                                 <\/a><br \/>\n        <!-- Start Service Area  --><\/p>","protected":false},"excerpt":{"rendered":"<p>We Take Care of Your Critical IT Infrastructure Too many businesses let their servers, data, and networks go unmanaged for weeks or months at a time. Don\u2019t expose your central IT infrastructure to risk by ignoring warning signs or failing to perform maintenance and security tasks. Let us take care of your systems to ensure [&hellip;]<\/p>","protected":false},"author":1,"featured_media":0,"parent":1573,"menu_order":0,"comment_status":"closed","ping_status":"closed","template":"elementor_header_footer","meta":{"om_disable_all_campaigns":false,"inline_featured_image":false,"_monsterinsights_skip_tracking":false,"_monsterinsights_sitenote_active":false,"_monsterinsights_sitenote_note":"","_monsterinsights_sitenote_category":0,"footnotes":""},"class_list":["post-1719","page","type-page","status-publish","hentry"],"acf":[],"aioseo_notices":[],"_links":{"self":[{"href":"https:\/\/sentus.net\/lv\/wp-json\/wp\/v2\/pages\/1719","targetHints":{"allow":["GET"]}}],"collection":[{"href":"https:\/\/sentus.net\/lv\/wp-json\/wp\/v2\/pages"}],"about":[{"href":"https:\/\/sentus.net\/lv\/wp-json\/wp\/v2\/types\/page"}],"author":[{"embeddable":true,"href":"https:\/\/sentus.net\/lv\/wp-json\/wp\/v2\/users\/1"}],"replies":[{"embeddable":true,"href":"https:\/\/sentus.net\/lv\/wp-json\/wp\/v2\/comments?post=1719"}],"version-history":[{"count":11,"href":"https:\/\/sentus.net\/lv\/wp-json\/wp\/v2\/pages\/1719\/revisions"}],"predecessor-version":[{"id":2003,"href":"https:\/\/sentus.net\/lv\/wp-json\/wp\/v2\/pages\/1719\/revisions\/2003"}],"up":[{"embeddable":true,"href":"https:\/\/sentus.net\/lv\/wp-json\/wp\/v2\/pages\/1573"}],"wp:attachment":[{"href":"https:\/\/sentus.net\/lv\/wp-json\/wp\/v2\/media?parent=1719"}],"curies":[{"name":"wp","href":"https:\/\/api.w.org\/{rel}","templated":true}]}}