{"id":1711,"date":"2021-07-03T12:09:11","date_gmt":"2021-07-03T12:09:11","guid":{"rendered":"https:\/\/eclipse:8890\/?page_id=1711"},"modified":"2023-08-25T14:27:08","modified_gmt":"2023-08-25T14:27:08","slug":"managed-services","status":"publish","type":"page","link":"https:\/\/sentus.net\/lv\/it-support\/managed-services\/","title":{"rendered":"Izcili p\u0101rvald\u012bti IT pakalpojumi"},"content":{"rendered":"<p><!-- Start Service Area  --><\/p>\n<h2>Kvalitat\u012bva pieeja tehnolo\u0123ij\u0101m<\/h2>\n<p>M\u016bsu IT pakalpojumu m\u0113r\u0137is ir nodro\u0161in\u0101t pakalpojumu lietot\u0101jiem stabilit\u0101ti, dro\u0161\u012bbu un efektivit\u0101ti.<\/p>\n<p>                                                                    <a href=\"#\"  ><\/p>\n<h3>IT automatiz\u0101cija<\/h3>\n<p>M\u0113s uzraug\u0101m j\u016bsu sist\u0113mas un dro\u0161\u012bbu 24\/7, lai atkl\u0101tu un nov\u0113rstu probl\u0113mas.<\/p>\n<p>                                 <\/a><br \/>\n                                                                    <a href=\"#\"  ><\/p>\n<h3>Priorit\u0101rais atbalsts<\/h3>\n<p>M\u016bsu eksperti nodro\u0161ina neierobe\u017eotu priorit\u0101ro atbalstu.\n<\/p>\n<p>                                 <\/a><br \/>\n                                                                    <a href=\"#\"  ><\/p>\n<h3>Pilna t\u012bkla uztur\u0113\u0161ana<\/h3>\n<p>M\u0113s p\u0101rvald\u0101m un uzturam visu j\u016bsu t\u012bklu, tostarp, serverus, wifi, interneta savienojumu un daudz ko citu.<\/p>\n<p>                                 <\/a><br \/>\n                                                                    <a href=\"#\"  ><\/p>\n<h3>Vienk\u0101r\u0161otie nor\u0113\u0137ini<\/h3>\n<p>J\u016bsu IT p\u0101rvald\u012bbas optimiz\u0113\u0161anai m\u0113s pied\u0101v\u0101jam vienk\u0101r\u0161u nor\u0113\u0137inu sist\u0113mu. Prognoz\u0113jiet savu 12 m\u0113ne\u0161u pl\u0101nu un bud\u017eetu.\n<\/p>\n<p>                                 <\/a><br \/>\n                                                                    <a href=\"#\"  ><\/p>\n<h3>IT konsult\u0101cijas un strat\u0113\u0123ija<\/h3>\n<p>M\u0113s izveidojam piel\u0101gotu IT ce\u013cvedi j\u016bsu uz\u0146\u0113mumam, p\u0113c tam regul\u0101ri tiekamies ar jums, lai nodro\u0161in\u0101tu, ka j\u016bsu sist\u0113mas ir atjaunin\u0101tas un dro\u0161as.<\/p>\n<p>                                 <\/a><br \/>\n                                                                    <a href=\"#\"  ><\/p>\n<h3>Dokument\u0101cija un invent\u0101rs<\/h3>\n<p>M\u0113s nodro\u0161inam IT atbalstu, \u0101tri nov\u0113r\u0161am probl\u0113mas un sniedzam atbalstu.<\/p>\n<p>                                 <\/a><br \/>\n        <!-- Start Service Area  --><\/p>\n<h2>Sa\u0146emiet bezmaksas tie\u0161saistes konsult\u0101ciju!<\/h2>\n\n<div class=\"wpcf7 no-js\" id=\"wpcf7-f1822-o1\" lang=\"en-US\" dir=\"ltr\">\n<div class=\"screen-reader-response\"><p role=\"status\" aria-live=\"polite\" aria-atomic=\"true\"><\/p> <ul><\/ul><\/div>\n<form action=\"\/lv\/wp-json\/wp\/v2\/pages\/1711#wpcf7-f1822-o1\" method=\"post\" class=\"wpcf7-form init\" aria-label=\"Contact form\" novalidate=\"novalidate\" data-status=\"init\" data-trp-original-action=\"\/lv\/wp-json\/wp\/v2\/pages\/1711#wpcf7-f1822-o1\">\n<div style=\"display: none;\">\n<input type=\"hidden\" name=\"_wpcf7\" value=\"1822\" \/>\n<input type=\"hidden\" name=\"_wpcf7_version\" value=\"5.8\" \/>\n<input type=\"hidden\" name=\"_wpcf7_locale\" value=\"en_US\" \/>\n<input type=\"hidden\" name=\"_wpcf7_unit_tag\" value=\"wpcf7-f1822-o1\" \/>\n<input type=\"hidden\" name=\"_wpcf7_container_post\" value=\"0\" \/>\n<input type=\"hidden\" name=\"_wpcf7_posted_data_hash\" value=\"\" \/>\n<input type=\"hidden\" name=\"_wpcf7_recaptcha_response\" value=\"\" \/>\n<\/div>\n<div class=\"form-wrap\">\n<div class=\"input-wrap\">\n<label>\n<span class=\"wpcf7-form-control-wrap\" data-name=\"your-name\"><input size=\"40\" class=\"wpcf7-form-control wpcf7-text wpcf7-validates-as-required\" aria-required=\"true\" aria-invalid=\"false\" placeholder=\"J\u016bsu v\u0101rds *\" value=\"\" type=\"text\" name=\"your-name\" \/><\/span>\n<\/label>\n\n<label>\n<span class=\"wpcf7-form-control-wrap\" data-name=\"phonetext-603\"><input size=\"40\" class=\"wpcf7-form-control wpcf7-phonetext wpcf7-validates-as-required wpcf7-text wpcf7-validates-as-phonetext\" aria-required=\"true\" aria-invalid=\"false\" placeholder=\"Phone number *\" value=\"\" type=\"text\" name=\"phonetext-603\" \/><input type=\"hidden\" name=\"phonetext-603-country-code\" class=\"wpcf7-phonetext-country-code\" \/><\/span>\n<\/label>\n\n<label>\n<span class=\"wpcf7-form-control-wrap\" data-name=\"your-email\"><input size=\"40\" class=\"wpcf7-form-control wpcf7-email wpcf7-validates-as-required wpcf7-text wpcf7-validates-as-email\" aria-required=\"true\" aria-invalid=\"false\" placeholder=\"J\u016bsu e-pasts *\" value=\"\" type=\"email\" name=\"your-email\" \/><\/span>\n<\/label>\n<\/div>\n\n<button type=\"submit\" class=\"rn-button-style--2 btn_solid\"> <span>Sa\u0146emiet konsult\u0101ciju!<\/span> <\/button>\n<\/div><div class=\"wpcf7-response-output\" aria-hidden=\"true\"><\/div>\n<input type=\"hidden\" name=\"trp-form-language\" value=\"lv\"\/><\/form>\n<\/div>","protected":false},"excerpt":{"rendered":"<p>A Mindful Approach to Technology Managed IT Services go beyond basic support to provide companies with IT stability, security, and efficiency. IT Automation We monitor your systems and security 24\/7. We proactively remediate or alert you when problems arise. Priority Support Enjoy the benefit of unlimited priority support from our team of experts. Focus on [&hellip;]<\/p>","protected":false},"author":1,"featured_media":0,"parent":1573,"menu_order":0,"comment_status":"closed","ping_status":"closed","template":"elementor_header_footer","meta":{"om_disable_all_campaigns":false,"inline_featured_image":false,"_monsterinsights_skip_tracking":false,"_monsterinsights_sitenote_active":false,"_monsterinsights_sitenote_note":"","_monsterinsights_sitenote_category":0,"footnotes":""},"class_list":["post-1711","page","type-page","status-publish","hentry"],"acf":[],"aioseo_notices":[],"_links":{"self":[{"href":"https:\/\/sentus.net\/lv\/wp-json\/wp\/v2\/pages\/1711","targetHints":{"allow":["GET"]}}],"collection":[{"href":"https:\/\/sentus.net\/lv\/wp-json\/wp\/v2\/pages"}],"about":[{"href":"https:\/\/sentus.net\/lv\/wp-json\/wp\/v2\/types\/page"}],"author":[{"embeddable":true,"href":"https:\/\/sentus.net\/lv\/wp-json\/wp\/v2\/users\/1"}],"replies":[{"embeddable":true,"href":"https:\/\/sentus.net\/lv\/wp-json\/wp\/v2\/comments?post=1711"}],"version-history":[{"count":8,"href":"https:\/\/sentus.net\/lv\/wp-json\/wp\/v2\/pages\/1711\/revisions"}],"predecessor-version":[{"id":2000,"href":"https:\/\/sentus.net\/lv\/wp-json\/wp\/v2\/pages\/1711\/revisions\/2000"}],"up":[{"embeddable":true,"href":"https:\/\/sentus.net\/lv\/wp-json\/wp\/v2\/pages\/1573"}],"wp:attachment":[{"href":"https:\/\/sentus.net\/lv\/wp-json\/wp\/v2\/media?parent=1711"}],"curies":[{"name":"wp","href":"https:\/\/api.w.org\/{rel}","templated":true}]}}