{"id":1674,"date":"2021-07-03T11:30:10","date_gmt":"2021-07-03T11:30:10","guid":{"rendered":"https:\/\/eclipse:8890\/?page_id=1674"},"modified":"2023-08-30T08:08:48","modified_gmt":"2023-08-30T08:08:48","slug":"graphic-print-design","status":"publish","type":"page","link":"https:\/\/sentus.net\/lv\/web-development\/graphic-print-design\/","title":{"rendered":"Grafiskais un drukas dizains"},"content":{"rendered":"<p><!-- Start Service Area  --><\/p>\n<h2>M\u0113s izstr\u0101d\u0101jam unik\u0101lus materi\u0101lus<\/h2>\n<h3>Logotipi<\/h3>\n<p>Eleganti un moderni logotipi<\/p>\n<h3>Bro\u0161\u016bras<\/h3>\n<p>J\u016bsu v\u0113lm\u0113m piel\u0101gotas bro\u0161\u016bras\n<\/p>\n<h3>Viz\u012btkartes<\/h3>\n<p>Unik\u0101la dizaina viz\u012btkartes<\/p>\n<h3>V\u0113stu\u013cu veidlapa<\/h3>\n<p>Moderns v\u0113stu\u013cu veidlapu dizains\n<\/p>\n<h3>Sludin\u0101jumi<\/h3>\n<p>Druk\u0101tas un t\u012bmek\u013ca rekl\u0101mas<\/p>\n<h3>Plak\u0101ti<\/h3>\n<p>Profesion\u0101li izstr\u0101d\u0101ti plak\u0101ti j\u016bsu birojam, stendam vai produktam<\/p>\n<p>                                                                    <a href=\"#\"  ><\/p>\n<h3>Gada p\u0101rskati<\/h3>\n<p>Skaisti gada p\u0101rskati padara j\u016bsu organiz\u0101cijas pan\u0101kumus taust\u0101mu<\/p>\n<p>                                 <\/a><br \/>\n                                                                    <a href=\"#\"  ><\/p>\n<h3>Pasta s\u016bt\u012bjumi un pastkartes<\/h3>\n<p>Atkl\u0101jiet inform\u0101ciju, izmantojot skaistas \u200b\u200bv\u0113stules un pastkartes<\/p>\n<p>                                 <\/a><br \/>\n        <!-- Start Service Area  --><\/p>\n<h2>Sa\u0146emiet bezmaksas tie\u0161saistes konsult\u0101ciju!<\/h2>\n<p>\t\t\n<div class=\"wpcf7 no-js\" id=\"wpcf7-f1822-o1\" lang=\"en-US\" dir=\"ltr\">\n<div class=\"screen-reader-response\"><p role=\"status\" aria-live=\"polite\" aria-atomic=\"true\"><\/p> <ul><\/ul><\/div>\n<form action=\"\/lv\/wp-json\/wp\/v2\/pages\/1674#wpcf7-f1822-o1\" method=\"post\" class=\"wpcf7-form init\" aria-label=\"Contact form\" novalidate=\"novalidate\" data-status=\"init\" data-trp-original-action=\"\/lv\/wp-json\/wp\/v2\/pages\/1674#wpcf7-f1822-o1\">\n<div style=\"display: none;\">\n<input type=\"hidden\" name=\"_wpcf7\" value=\"1822\" \/>\n<input type=\"hidden\" name=\"_wpcf7_version\" value=\"5.8\" \/>\n<input type=\"hidden\" name=\"_wpcf7_locale\" value=\"en_US\" \/>\n<input type=\"hidden\" name=\"_wpcf7_unit_tag\" value=\"wpcf7-f1822-o1\" \/>\n<input type=\"hidden\" name=\"_wpcf7_container_post\" value=\"0\" \/>\n<input type=\"hidden\" name=\"_wpcf7_posted_data_hash\" value=\"\" \/>\n<input type=\"hidden\" name=\"_wpcf7_recaptcha_response\" value=\"\" \/>\n<\/div>\n<div class=\"form-wrap\">\n<div class=\"input-wrap\">\n<label>\n<span class=\"wpcf7-form-control-wrap\" data-name=\"your-name\"><input size=\"40\" class=\"wpcf7-form-control wpcf7-text wpcf7-validates-as-required\" aria-required=\"true\" aria-invalid=\"false\" placeholder=\"J\u016bsu v\u0101rds *\" value=\"\" type=\"text\" name=\"your-name\" \/><\/span>\n<\/label>\n\n<label>\n<span class=\"wpcf7-form-control-wrap\" data-name=\"phonetext-603\"><input size=\"40\" class=\"wpcf7-form-control wpcf7-phonetext wpcf7-validates-as-required wpcf7-text wpcf7-validates-as-phonetext\" aria-required=\"true\" aria-invalid=\"false\" placeholder=\"Phone number *\" value=\"\" type=\"text\" name=\"phonetext-603\" \/><input type=\"hidden\" name=\"phonetext-603-country-code\" class=\"wpcf7-phonetext-country-code\" \/><\/span>\n<\/label>\n\n<label>\n<span class=\"wpcf7-form-control-wrap\" data-name=\"your-email\"><input size=\"40\" class=\"wpcf7-form-control wpcf7-email wpcf7-validates-as-required wpcf7-text wpcf7-validates-as-email\" aria-required=\"true\" aria-invalid=\"false\" placeholder=\"J\u016bsu e-pasts *\" value=\"\" type=\"email\" name=\"your-email\" \/><\/span>\n<\/label>\n<\/div>\n\n<button type=\"submit\" class=\"rn-button-style--2 btn_solid\"> <span>Sa\u0146emiet konsult\u0101ciju!<\/span> <\/button>\n<\/div><div class=\"wpcf7-response-output\" aria-hidden=\"true\"><\/div>\n<input type=\"hidden\" name=\"trp-form-language\" value=\"lv\"\/><\/form>\n<\/div>\n<br \/>\n\t\t\t\t\t\t\t\t\t\t\t\t\t\t\t<img decoding=\"async\" width=\"640\" height=\"360\" src=\"https:\/\/sentus.net\/wp-content\/uploads\/2021\/07\/ipad-820272_1920-675x380-1.jpg\" alt=\"\" loading=\"lazy\" srcset=\"https:\/\/sentus.net\/wp-content\/uploads\/2021\/07\/ipad-820272_1920-675x380-1.jpg 675w, https:\/\/sentus.net\/wp-content\/uploads\/2021\/07\/ipad-820272_1920-675x380-1-300x169.jpg 300w\" sizes=\"auto, (max-width: 640px) 100vw, 640px\" \/>\t\t\t\t\t\t\t\t\t\t\t\t\t\t\t<\/p>\n<h2>\n<h4 style=\"margin-bottom: 0px; padding: 0px; list-style: none;  line-height: 1; color: rgb(249, 25, 66); font-size: 34px; position: relative; letter-spacing: 0.3px; outline: none !important;\"> Beautiful &nbsp;Custom Design<\/h4>\n<\/h2>\n<p>M\u016bsu dizaineri aizraujas ar skaistu z\u012bmolu un dizaina materi\u0101liem. \u013baujiet mums papla\u0161in\u0101t m\u016bsu dizaina redz\u0113jumu \u0101rpus ekr\u0101na.<\/p>\n<p>\u00a0<\/p>\n<h2>\n<h2 data-elementor-setting-key=\"title\" data-pen-placeholder=\"Type Here...\" style=\"font-size: var(--h2);\">\n<h4 style=\"margin-bottom: 0px; line-height: 1; font-size: 34px; color: rgb(249, 25, 66); padding: 0px; list-style: none; position: relative; letter-spacing: 0.3px; outline: none !important;\"> Ready for  Press <\/h4>\n<\/h2>\n<\/h2>\n<p>M\u0113s sadarbojamies ar viet\u0113j\u0101m iespiedma\u0161\u012bn\u0101m, lai pied\u0101v\u0101tu jums pieejamus augstas kvalit\u0101tes drukas pakalpojumus. \u0100tri izpildes laiki un izcils serviss!<\/p>\n<p>\u00a0<\/p>\n<p>\t\t\t\t\t\t\t\t\t\t\t\t\t\t\t<img decoding=\"async\" width=\"640\" height=\"360\" src=\"https:\/\/sentus.net\/wp-content\/uploads\/2021\/07\/color-paint-palette-wall-painting-675x380-1.jpg\" alt=\"\" loading=\"lazy\" srcset=\"https:\/\/sentus.net\/wp-content\/uploads\/2021\/07\/color-paint-palette-wall-painting-675x380-1.jpg 675w, https:\/\/sentus.net\/wp-content\/uploads\/2021\/07\/color-paint-palette-wall-painting-675x380-1-300x169.jpg 300w\" sizes=\"auto, (max-width: 640px) 100vw, 640px\" \/><br \/>\n\t\t\t\t\t\t\t\t\t\t\t\t\t\t\t<img decoding=\"async\" width=\"640\" height=\"360\" src=\"https:\/\/sentus.net\/wp-content\/uploads\/2021\/07\/bench-accounting-49908-675x380-1.jpg\" alt=\"\" loading=\"lazy\" srcset=\"https:\/\/sentus.net\/wp-content\/uploads\/2021\/07\/bench-accounting-49908-675x380-1.jpg 675w, https:\/\/sentus.net\/wp-content\/uploads\/2021\/07\/bench-accounting-49908-675x380-1-300x169.jpg 300w\" sizes=\"auto, (max-width: 640px) 100vw, 640px\" \/>\t\t\t\t\t\t\t\t\t\t\t\t\t\t\t<\/p>\n<h2>\n<h4 style=\"margin-bottom: 0px; padding: 0px; list-style: none;  line-height: 1; color: rgb(249, 25, 66); font-size: 34px; position: relative; letter-spacing: 0.3px; outline: none !important;\"> Flexible  Pricing Models <\/h4>\n<\/h2>\n<p>M\u0113s pied\u0101v\u0101jam gan stundas, gan fiks\u0113tas likmes cenu mode\u013cus projekt\u0113\u0161anas pakalpojumiem, \u013caujot jums kontrol\u0113t savu bud\u017eetu un darba apjomu.<\/p>","protected":false},"excerpt":{"rendered":"<p>We Design for a Wide Variety of Print Media Logos Elegant, modern logos to center your brand Brochures Full color brochures with multiple layout options Business Cards Stand out with unique business card designs and formats Letterhead Traditional or modern letterhead design for professional appeal Advertisements Print and web advertisements to help get the word [&hellip;]<\/p>","protected":false},"author":1,"featured_media":0,"parent":1543,"menu_order":0,"comment_status":"closed","ping_status":"closed","template":"elementor_header_footer","meta":{"om_disable_all_campaigns":false,"inline_featured_image":false,"_monsterinsights_skip_tracking":false,"_monsterinsights_sitenote_active":false,"_monsterinsights_sitenote_note":"","_monsterinsights_sitenote_category":0,"footnotes":""},"class_list":["post-1674","page","type-page","status-publish","hentry"],"acf":[],"aioseo_notices":[],"_links":{"self":[{"href":"https:\/\/sentus.net\/lv\/wp-json\/wp\/v2\/pages\/1674","targetHints":{"allow":["GET"]}}],"collection":[{"href":"https:\/\/sentus.net\/lv\/wp-json\/wp\/v2\/pages"}],"about":[{"href":"https:\/\/sentus.net\/lv\/wp-json\/wp\/v2\/types\/page"}],"author":[{"embeddable":true,"href":"https:\/\/sentus.net\/lv\/wp-json\/wp\/v2\/users\/1"}],"replies":[{"embeddable":true,"href":"https:\/\/sentus.net\/lv\/wp-json\/wp\/v2\/comments?post=1674"}],"version-history":[{"count":20,"href":"https:\/\/sentus.net\/lv\/wp-json\/wp\/v2\/pages\/1674\/revisions"}],"predecessor-version":[{"id":2124,"href":"https:\/\/sentus.net\/lv\/wp-json\/wp\/v2\/pages\/1674\/revisions\/2124"}],"up":[{"embeddable":true,"href":"https:\/\/sentus.net\/lv\/wp-json\/wp\/v2\/pages\/1543"}],"wp:attachment":[{"href":"https:\/\/sentus.net\/lv\/wp-json\/wp\/v2\/media?parent=1674"}],"curies":[{"name":"wp","href":"https:\/\/api.w.org\/{rel}","templated":true}]}}