{"id":1657,"date":"2021-07-03T11:06:22","date_gmt":"2021-07-03T11:06:22","guid":{"rendered":"https:\/\/eclipse:8890\/?page_id=1657"},"modified":"2023-08-25T14:24:08","modified_gmt":"2023-08-25T14:24:08","slug":"responsive-design","status":"publish","type":"page","link":"https:\/\/sentus.net\/lv\/web-development\/responsive-design\/","title":{"rendered":"Unik\u0101la Dizaina Risin\u0101jumi"},"content":{"rendered":"<p><!-- Start Service Area  --><\/p>\n<h2>Dizaini, kas piel\u0101gojas <br \/> jebkuram ekr\u0101na izm\u0113ram<\/h2>\n<p>Uzlabojiet vietnes p\u0101rdo\u0161anu un palieliniet apmekl\u0113t\u0101ju piesaisti. L\u016bk, k\u0101 to izdar\u012bt:\n<\/p>\n<p>                                                                    <a href=\"#\"  ><\/p>\n<h3>Vairs nav j\u0101spie\u017e un j\u0101tuvina<\/h3>\n<p>Saskr\u016bv\u0113\u0161ana un t\u0101luma mai\u0146a, lai skat\u012btu vietnes saturu bez adapt\u012bva sl\u0101\u0146a, rada vil\u0161anos un liek apmekl\u0113t\u0101jiem p\u0101rst\u0101t lietot konkr\u0113tu programmu. M\u016bsu mobilie risin\u0101jumi atrisina \u0161o probl\u0113mu.<\/p>\n<p>                                 <\/a><br \/>\n                                                                    <a href=\"#\"  ><\/p>\n<h3>Sazinieties ar saviem apmekl\u0113t\u0101jiem<\/h3>\n<p>Mobilie risin\u0101jumi iev\u0113rojami uzlabo vietnes pieredzi apmekl\u0113t\u0101jiem, k\u0101 rezult\u0101t\u0101 j\u016bsu apmekl\u0113t\u0101jiem ir vair\u0101k iesp\u0113ju mijiedarboties ar j\u016bsu uz\u0146\u0113mumu.<\/p>\n<p>                                 <\/a><br \/>\n                                                                    <a href=\"#\"  ><\/p>\n<h3>Uzlabojiet savu anal\u012bzi<\/h3>\n<p>Vietn\u0113s ar mobilajiem risin\u0101jumiem past\u0101v\u012bgi tiek r\u0101d\u012bti ilg\u0101ki vietnes apmekl\u0113jumi, vair\u0101k lapu skat\u012bjumu un maz\u0101k pamestu veidlapu un grozu.<\/p>\n<p>                                 <\/a><br \/>\n                                                                    <a href=\"#\"  ><\/p>\n<h3>Viegli p\u0101rvald\u012bt<\/h3>\n<p>M\u016bsu adapt\u012bvie dizaini piel\u0101go vienu satura kopu da\u017e\u0101d\u0101m ier\u012bc\u0113m, da\u017e\u0101diem izk\u0101rtojumiem. Tas noz\u012bm\u0113, ka saturu p\u0101rvald\u0101t vien\u0101 viet\u0101 un jums nav j\u0101uztur atsevi\u0161\u0137as vietnes vai lapas mobilaj\u0101m ier\u012bc\u0113m.<\/p>\n<p>                                 <\/a><br \/>\n        <!-- Start Service Area  --><\/p>\n<h2>Sa\u0146emiet bezmaksas tie\u0161saistes konsult\u0101ciju!<\/h2>\n<p>\t\t\n<div class=\"wpcf7 no-js\" id=\"wpcf7-f1822-o1\" lang=\"en-US\" dir=\"ltr\">\n<div class=\"screen-reader-response\"><p role=\"status\" aria-live=\"polite\" aria-atomic=\"true\"><\/p> <ul><\/ul><\/div>\n<form action=\"\/lv\/wp-json\/wp\/v2\/pages\/1657#wpcf7-f1822-o1\" method=\"post\" class=\"wpcf7-form init\" aria-label=\"Contact form\" novalidate=\"novalidate\" data-status=\"init\" data-trp-original-action=\"\/lv\/wp-json\/wp\/v2\/pages\/1657#wpcf7-f1822-o1\">\n<div style=\"display: none;\">\n<input type=\"hidden\" name=\"_wpcf7\" value=\"1822\" \/>\n<input type=\"hidden\" name=\"_wpcf7_version\" value=\"5.8\" \/>\n<input type=\"hidden\" name=\"_wpcf7_locale\" value=\"en_US\" \/>\n<input type=\"hidden\" name=\"_wpcf7_unit_tag\" value=\"wpcf7-f1822-o1\" \/>\n<input type=\"hidden\" name=\"_wpcf7_container_post\" value=\"0\" \/>\n<input type=\"hidden\" name=\"_wpcf7_posted_data_hash\" value=\"\" \/>\n<input type=\"hidden\" name=\"_wpcf7_recaptcha_response\" value=\"\" \/>\n<\/div>\n<div class=\"form-wrap\">\n<div class=\"input-wrap\">\n<label>\n<span class=\"wpcf7-form-control-wrap\" data-name=\"your-name\"><input size=\"40\" class=\"wpcf7-form-control wpcf7-text wpcf7-validates-as-required\" aria-required=\"true\" aria-invalid=\"false\" placeholder=\"J\u016bsu v\u0101rds *\" value=\"\" type=\"text\" name=\"your-name\" \/><\/span>\n<\/label>\n\n<label>\n<span class=\"wpcf7-form-control-wrap\" data-name=\"phonetext-603\"><input size=\"40\" class=\"wpcf7-form-control wpcf7-phonetext wpcf7-validates-as-required wpcf7-text wpcf7-validates-as-phonetext\" aria-required=\"true\" aria-invalid=\"false\" placeholder=\"Phone number *\" value=\"\" type=\"text\" name=\"phonetext-603\" \/><input type=\"hidden\" name=\"phonetext-603-country-code\" class=\"wpcf7-phonetext-country-code\" \/><\/span>\n<\/label>\n\n<label>\n<span class=\"wpcf7-form-control-wrap\" data-name=\"your-email\"><input size=\"40\" class=\"wpcf7-form-control wpcf7-email wpcf7-validates-as-required wpcf7-text wpcf7-validates-as-email\" aria-required=\"true\" aria-invalid=\"false\" placeholder=\"J\u016bsu e-pasts *\" value=\"\" type=\"email\" name=\"your-email\" \/><\/span>\n<\/label>\n<\/div>\n\n<button type=\"submit\" class=\"rn-button-style--2 btn_solid\"> <span>Sa\u0146emiet konsult\u0101ciju!<\/span> <\/button>\n<\/div><div class=\"wpcf7-response-output\" aria-hidden=\"true\"><\/div>\n<input type=\"hidden\" name=\"trp-form-language\" value=\"lv\"\/><\/form>\n<\/div>\n<br \/>\n\t\t\t        <!-- Start Service Area  --><\/p>\n<h2>Adapt\u012bv\u0101s vietnes sniedz rezult\u0101tus<\/h2>\n<\/p>\n<p>                                                                    <a href=\"#\"  ><\/p>\n<h3>Zem\u0101ks atl\u0113cienu l\u012bmenis<\/h3>\n<p>\u201cAtl\u0113cienu l\u012bmenis\u201d ir to sesiju procentu\u0101l\u0101 da\u013ca, kur\u0101s lietot\u0101js pameta j\u016bsu vietni no ieejas lapas, neveicot mijiedarb\u012bbu ar lapu. Vietn\u0113s ar mobilo ier\u012b\u010du dizainu ir zem\u0101ks atl\u0113cienu l\u012bmenis.\n<\/p>\n<p>                                 <\/a><br \/>\n                                                                    <a href=\"#\"  ><\/p>\n<h3>Liel\u0101ks apmekl\u0113jums<\/h3>\n<p>Vietn\u0113s ar mobilo dizainu p\u0113c mobil\u0101 dizaina apmekl\u0113juma tiek skat\u012bts liel\u0101ks lapu skaits nek\u0101 iepriek\u0161.\n<\/p>\n<p>                                 <\/a><br \/>\n                                                                    <a href=\"#\"  ><\/p>\n<h3>Vair\u0101k laika katr\u0101 lap\u0101<\/h3>\n<p>Mobilo ier\u012b\u010du apmekl\u0113t\u0101ji faktiski lasa saturu, kad tas vi\u0146iem tiek par\u0101d\u012bts viegli skat\u0101m\u0101 form\u0101t\u0101, un vi\u0146iem nav j\u0101saspie\u017e, j\u0101tuvina, lai turpin\u0101tu las\u012bt.\n<\/p>\n<p>                                 <\/a><br \/>\n                                                                    <a href=\"#\"  ><\/p>\n<h3>Vair\u0101k uzzi\u0146u<\/h3>\n<p>Mobilo ier\u012b\u010du apmekl\u0113t\u0101ji labi atbild uz piepras\u012bjumu veidlap\u0101m, kur\u0101s vi\u0146iem ir viegli ievad\u012bt datus, kas ir piel\u0101goti vi\u0146u ekr\u0101nam un ir \u0101tri iel\u0101d\u0113jami.<\/p>\n<p>                                 <\/a><br \/>\n        <!-- Start Service Area  --><br \/>\n\t\t\t        <!-- Start Service Area  --><br \/>\n                                                                    <a href=\"#\"  ><\/p>\n<h3>Google mekl\u0113t\u0101ji<\/h3>\n<p>Vair\u0101k nek\u0101 20 procenti Google mekl\u0113\u0161anas vaic\u0101jumu tagad tiek veikti ar sava veida mobilaj\u0101m ier\u012bc\u0113m.\n<\/p>\n<p>                                 <\/a><br \/>\n                                                                    <a href=\"#\"  ><\/p>\n<h3>Viet\u0113jie klienti<\/h3>\n<p>Vair\u0101k nek\u0101 puse no visiem viet\u0113jiem mekl\u0113jumiem tika veikta mobilaj\u0101 ier\u012bc\u0113.<\/p>\n<p>                                 <\/a><br \/>\n                                                                    <a href=\"#\"  ><\/p>\n<h3>Ceturt\u0101 da\u013ca t\u012bmek\u013ca<\/h3>\n<p>25 procenti interneta lietot\u0101ju ASV piek\u013c\u016bst internetam tikai, izmantojot mobilo ier\u012bci.<\/p>\n<p>                                 <\/a><br \/>\n                                                                    <a href=\"#\"  ><\/p>\n<h3>Cilv\u0113ki p\u0101rbauda savu e-pastu<\/h3>\n<p>25,85 % no visiem e-pastiem tiek atv\u0113rti mobilajos t\u0101lru\u0146os, bet v\u0113l 10,16 procenti tiek atv\u0113rti plan\u0161etdatoros.\n<\/p>\n<p>                                 <\/a><br \/>\n                                                                    <a href=\"#\"  ><\/p>\n<h3>Vair\u0101k apmekl\u0113t\u0101ju katru dienu<\/h3>\n<p>Mobil\u0101 interneta lietojums apsteidz datoru lietojumu.\n<\/p>\n<p>                                 <\/a><br \/>\n                                                                    <a href=\"#\"  ><\/p>\n<h3>Jaunie profesion\u0101\u013ci<\/h3>\n<p>Mobilos t\u0101lru\u0146us uz\u0146\u0113m\u0113jdarb\u012bbai izmanto visi, \u012bpa\u0161i jaun\u0101k\u0101s paaudzes pat\u0113r\u0113t\u0101ji un uz\u0146\u0113mumi.\n<\/p>\n<p>                                 <\/a><br \/>\n        <!-- Start Service Area  --><\/p>","protected":false},"excerpt":{"rendered":"<p>Designs that Adapt to Any Screen Size Keep phone and tablet visitors on your site longer, improve site sales, and increase visitor engagement. Here\u2019s how: No More Pinching and Zooming Pinching and zooming to see content on a site without a responsive layer is frustrating and causes visitors to leave. Our mobile layers solve this [&hellip;]<\/p>","protected":false},"author":1,"featured_media":0,"parent":1543,"menu_order":0,"comment_status":"closed","ping_status":"closed","template":"elementor_header_footer","meta":{"om_disable_all_campaigns":false,"inline_featured_image":false,"_monsterinsights_skip_tracking":false,"_monsterinsights_sitenote_active":false,"_monsterinsights_sitenote_note":"","_monsterinsights_sitenote_category":0,"footnotes":""},"class_list":["post-1657","page","type-page","status-publish","hentry"],"acf":[],"aioseo_notices":[],"_links":{"self":[{"href":"https:\/\/sentus.net\/lv\/wp-json\/wp\/v2\/pages\/1657","targetHints":{"allow":["GET"]}}],"collection":[{"href":"https:\/\/sentus.net\/lv\/wp-json\/wp\/v2\/pages"}],"about":[{"href":"https:\/\/sentus.net\/lv\/wp-json\/wp\/v2\/types\/page"}],"author":[{"embeddable":true,"href":"https:\/\/sentus.net\/lv\/wp-json\/wp\/v2\/users\/1"}],"replies":[{"embeddable":true,"href":"https:\/\/sentus.net\/lv\/wp-json\/wp\/v2\/comments?post=1657"}],"version-history":[{"count":17,"href":"https:\/\/sentus.net\/lv\/wp-json\/wp\/v2\/pages\/1657\/revisions"}],"predecessor-version":[{"id":1985,"href":"https:\/\/sentus.net\/lv\/wp-json\/wp\/v2\/pages\/1657\/revisions\/1985"}],"up":[{"embeddable":true,"href":"https:\/\/sentus.net\/lv\/wp-json\/wp\/v2\/pages\/1543"}],"wp:attachment":[{"href":"https:\/\/sentus.net\/lv\/wp-json\/wp\/v2\/media?parent=1657"}],"curies":[{"name":"wp","href":"https:\/\/api.w.org\/{rel}","templated":true}]}}