{"id":1635,"date":"2021-07-03T10:02:22","date_gmt":"2021-07-03T10:02:22","guid":{"rendered":"https:\/\/eclipse:8890\/?page_id=1635"},"modified":"2023-08-30T08:08:19","modified_gmt":"2023-08-30T08:08:19","slug":"custom-application-development","status":"publish","type":"page","link":"https:\/\/sentus.net\/lv\/web-development\/custom-application-development\/","title":{"rendered":"Piel\u0101gotu lietojumprogrammu izstr\u0101de"},"content":{"rendered":"<p><!-- Start Service Area  --><\/p>\n<h2>Iesp\u0113jas ir bezgal\u012bgas<\/h2>\n<p>M\u0113s veidojam piel\u0101gotus r\u012bkus j\u016bsu unik\u0101laj\u0101m darb\u012bbas vajadz\u012bb\u0101m.\n<\/p>\n<p>                                                                    <a href=\"#\"  ><\/p>\n<h3>\u0112rta atv\u0113rt\u0101 pirmkoda licenc\u0113\u0161ana<\/h3>\n<p>M\u016bsu risin\u0101jumi ir balst\u012bti uz atv\u0113rt\u0101 pirmkoda tehnolo\u0123iju, nodro\u0161inot, ka j\u016bsu risin\u0101jumam nav d\u0101rgu licenc\u0113\u0161anas maksu vai papildus izmaksu.\n<\/p>\n<p>                                 <\/a><br \/>\n                                                                    <a href=\"#\"  ><\/p>\n<h3>M\u0101ko\u0146os balst\u012bta arhitekt\u016bra<\/h3>\n<p>Vairs nav nepiecie\u0161ama servera administr\u0113\u0161ana, jaunin\u0101jumi vai d\u012bkst\u0101ves. M\u016bsu piel\u0101got\u0101s t\u012bmek\u013ca lietojumprogrammas darbojas jebkur, s\u0101kot no virtu\u0101laj\u0101m ma\u0161\u012bn\u0101m un beidzot ar Amazon Web Services.\n<\/p>\n<p>                                 <\/a><br \/>\n                                                                    <a href=\"#\"  ><\/p>\n<h3>Apkope iek\u013cauta<\/h3>\n<p>M\u0113s pied\u0101v\u0101jam pilnu uztur\u0113\u0161anu, tostarp servera uzraudz\u012bbu, dro\u0161\u012bbu, dubl\u0113\u0161anu.<\/p>\n<p>                                 <\/a><br \/>\n                                                                    <a href=\"#\"  ><\/p>\n<h3>Str\u0101d\u0101 jebkur<\/h3>\n<p>M\u016bsu t\u012bmek\u013ca tehnolo\u0123ija ir pieejama no jebkuras vietas ar interneta piesl\u0113gumu un jebkuras ier\u012bces.\n<\/p>\n<p>                                 <\/a><br \/>\n                                                                    <a href=\"#\"  ><\/p>\n<h3>Aizst\u0101jiet vec\u0101s piek\u013cuves vai FileMaker datu b\u0101zes<\/h3>\n<p>Ja jums ir vecs FileMaker, Access vai cits risin\u0101jums, kas ierobe\u017eo j\u016bsu iesp\u0113jas, tr\u016bkst atbalsta vai maks\u0101 p\u0101r\u0101k daudz, uzziniet, ko jums piel\u0101gots risin\u0101jums var\u0113tu sniegt j\u016bsu lab\u0101.<\/p>\n<p>                                 <\/a><br \/>\n                                                                    <a href=\"#\"  ><\/p>\n<h3>Dro\u0161s un priv\u0101ts<\/h3>\n<p>M\u016bsu piel\u0101gotos risin\u0101jumus var ieviest jebkur\u0101 pasaules viet\u0101. Par sist\u0113mas dro\u0161\u012bbu ir par\u016bp\u0113ju\u0161ies m\u016bsu eksperti.<\/p>\n<p>                                 <\/a><br \/>\n        <!-- Start Service Area  --><\/p>\n<h2>Sa\u0146emiet bezmaksas tie\u0161saistes konsult\u0101ciju!<\/h2>\n\n<div class=\"wpcf7 no-js\" id=\"wpcf7-f1822-o1\" lang=\"en-US\" dir=\"ltr\">\n<div class=\"screen-reader-response\"><p role=\"status\" aria-live=\"polite\" aria-atomic=\"true\"><\/p> <ul><\/ul><\/div>\n<form action=\"\/lv\/wp-json\/wp\/v2\/pages\/1635#wpcf7-f1822-o1\" method=\"post\" class=\"wpcf7-form init\" aria-label=\"Contact form\" novalidate=\"novalidate\" data-status=\"init\" data-trp-original-action=\"\/lv\/wp-json\/wp\/v2\/pages\/1635#wpcf7-f1822-o1\">\n<div style=\"display: none;\">\n<input type=\"hidden\" name=\"_wpcf7\" value=\"1822\" \/>\n<input type=\"hidden\" name=\"_wpcf7_version\" value=\"5.8\" \/>\n<input type=\"hidden\" name=\"_wpcf7_locale\" value=\"en_US\" \/>\n<input type=\"hidden\" name=\"_wpcf7_unit_tag\" value=\"wpcf7-f1822-o1\" \/>\n<input type=\"hidden\" name=\"_wpcf7_container_post\" value=\"0\" \/>\n<input type=\"hidden\" name=\"_wpcf7_posted_data_hash\" value=\"\" \/>\n<input type=\"hidden\" name=\"_wpcf7_recaptcha_response\" value=\"\" \/>\n<\/div>\n<div class=\"form-wrap\">\n<div class=\"input-wrap\">\n<label>\n<span class=\"wpcf7-form-control-wrap\" data-name=\"your-name\"><input size=\"40\" class=\"wpcf7-form-control wpcf7-text wpcf7-validates-as-required\" aria-required=\"true\" aria-invalid=\"false\" placeholder=\"J\u016bsu v\u0101rds *\" value=\"\" type=\"text\" name=\"your-name\" \/><\/span>\n<\/label>\n\n<label>\n<span class=\"wpcf7-form-control-wrap\" data-name=\"phonetext-603\"><input size=\"40\" class=\"wpcf7-form-control wpcf7-phonetext wpcf7-validates-as-required wpcf7-text wpcf7-validates-as-phonetext\" aria-required=\"true\" aria-invalid=\"false\" placeholder=\"Phone number *\" value=\"\" type=\"text\" name=\"phonetext-603\" \/><input type=\"hidden\" name=\"phonetext-603-country-code\" class=\"wpcf7-phonetext-country-code\" \/><\/span>\n<\/label>\n\n<label>\n<span class=\"wpcf7-form-control-wrap\" data-name=\"your-email\"><input size=\"40\" class=\"wpcf7-form-control wpcf7-email wpcf7-validates-as-required wpcf7-text wpcf7-validates-as-email\" aria-required=\"true\" aria-invalid=\"false\" placeholder=\"J\u016bsu e-pasts *\" value=\"\" type=\"email\" name=\"your-email\" \/><\/span>\n<\/label>\n<\/div>\n\n<button type=\"submit\" class=\"rn-button-style--2 btn_solid\"> <span>Sa\u0146emiet konsult\u0101ciju!<\/span> <\/button>\n<\/div><div class=\"wpcf7-response-output\" aria-hidden=\"true\"><\/div>\n<input type=\"hidden\" name=\"trp-form-language\" value=\"lv\"\/><\/form>\n<\/div>\n\n<h2>Izstr\u0101d\u0101ts no pa\u0161a s\u0101kuma<\/h2>\n<p>Atkl\u0101jiet piel\u0101gota risin\u0101juma priek\u0161roc\u012bbas\n<\/p>\n<p>\t\t\t\t\t\t\t\t\t\t\t\t\t\t\t<img decoding=\"async\" width=\"640\" height=\"360\" src=\"https:\/\/sentus.net\/wp-content\/uploads\/2021\/07\/stats-675x380-1.jpeg\" alt=\"\" loading=\"lazy\" srcset=\"https:\/\/sentus.net\/wp-content\/uploads\/2021\/07\/stats-675x380-1.jpeg 675w, https:\/\/sentus.net\/wp-content\/uploads\/2021\/07\/stats-675x380-1-300x169.jpeg 300w\" sizes=\"auto, (max-width: 640px) 100vw, 640px\" \/>\t\t\t\t\t\t\t\t\t\t\t\t\t\t\t<\/p>\n<h2>\n<h4 style=\"margin-bottom: 0px; padding: 0px; list-style: none;  line-height: 1; color: rgb(249, 25, 66); font-size: 34px; position: relative; letter-spacing: 0.3px; outline: none !important;\"> Custom CRM &nbsp;Tools <\/h4>\n<\/h2>\n<p>M\u016bsu piel\u0101gotos risin\u0101jumus var ieviest jebkur\u0101 pasaules viet\u0101. Par sist\u0113mas dro\u0161\u012bbu ir par\u016bp\u0113ju\u0161ies m\u016bsu eksperti.<\/p>\n<p>\u00a0<\/p>\n<h2>\n<h2 data-elementor-setting-key=\"title\" data-pen-placeholder=\"Type Here...\" style=\"font-size: var(--h2);\">\n<h4 style=\"margin-bottom: 0px; line-height: 1; font-size: 34px; color: rgb(249, 25, 66); padding: 0px; list-style: none; position: relative; letter-spacing: 0.3px; outline: none !important;\"> Project Management  Tools <\/h4>\n<\/h2>\n<\/h2>\n<p>Ja j\u016bsu projektam un darbpl\u016bsmai ir \u012bpa\u0161as vajadz\u012bbas, un j\u016bs neapmierina gatavie risin\u0101jumi, m\u0113s varam izveidot piel\u0101gotu r\u012bku, lai j\u016bs var\u0113tu izsekot j\u016bsu darb\u012bb\u0101m un projektiem. M\u016bsu klienti ir redz\u0113ju\u0161i neticamu produktivit\u0101tes pieaugumu, izmantojot \u012bpa\u0161i vi\u0146iem izstr\u0101d\u0101tus r\u012bkus.<\/p>\n<p>\t\t\t\t\t\t\t\t\t\t\t\t\t\t\t<img decoding=\"async\" width=\"640\" height=\"360\" src=\"https:\/\/sentus.net\/wp-content\/uploads\/2021\/07\/startup-photos-675x380-1.jpg\" alt=\"\" loading=\"lazy\" srcset=\"https:\/\/sentus.net\/wp-content\/uploads\/2021\/07\/startup-photos-675x380-1.jpg 675w, https:\/\/sentus.net\/wp-content\/uploads\/2021\/07\/startup-photos-675x380-1-300x169.jpg 300w\" sizes=\"auto, (max-width: 640px) 100vw, 640px\" \/><br \/>\n\t\t\t\t\t\t\t\t\t\t\t\t\t\t\t<img decoding=\"async\" width=\"640\" height=\"360\" src=\"https:\/\/sentus.net\/wp-content\/uploads\/2021\/07\/iStock_000020815883Med-70-675x380-1.jpg\" alt=\"\" loading=\"lazy\" srcset=\"https:\/\/sentus.net\/wp-content\/uploads\/2021\/07\/iStock_000020815883Med-70-675x380-1.jpg 675w, https:\/\/sentus.net\/wp-content\/uploads\/2021\/07\/iStock_000020815883Med-70-675x380-1-300x169.jpg 300w\" sizes=\"auto, (max-width: 640px) 100vw, 640px\" \/>\t\t\t\t\t\t\t\t\t\t\t\t\t\t\t<\/p>\n<h2>\n<h4 style=\"margin-bottom: 0px; padding: 0px; list-style: none;  line-height: 1; color: rgb(249, 25, 66); font-size: 34px; position: relative; letter-spacing: 0.3px; outline: none !important;\">Online Training  Tools <\/h4>\n<\/h2>\n<p>M\u0113s izveidojam piel\u0101gotus interakt\u012bvus apm\u0101c\u012bbu r\u012bkus komandai vai auditorijai. Pied\u0101v\u0101jiet videoklipus, att\u0113lus, tekstu un viktor\u012bnas. Pievienojiet sertifik\u0101tu veiksm\u012bg\u0101m apm\u0101c\u012bb\u0101m, apm\u0101c\u012bbu ieg\u0101dei un jaud\u012bg\u0101m atskai\u0161u iesp\u0113j\u0101m.<\/p>\n<p>\u00a0<\/p>","protected":false},"excerpt":{"rendered":"<p>The possibilities are endless We build custom tools for your unique operational needs. Flexible Open Source Licensing Our solutions are built on open source technology, ensuring that your solution has no expensive or restrictive licensing fees or upgrade costs. Cloud Based Architecture No more server administration, upgrades, or downtime. Our custom web applications can be [&hellip;]<\/p>","protected":false},"author":1,"featured_media":0,"parent":1543,"menu_order":0,"comment_status":"closed","ping_status":"closed","template":"elementor_header_footer","meta":{"om_disable_all_campaigns":false,"inline_featured_image":false,"_monsterinsights_skip_tracking":false,"_monsterinsights_sitenote_active":false,"_monsterinsights_sitenote_note":"","_monsterinsights_sitenote_category":0,"footnotes":""},"class_list":["post-1635","page","type-page","status-publish","hentry"],"acf":[],"aioseo_notices":[],"_links":{"self":[{"href":"https:\/\/sentus.net\/lv\/wp-json\/wp\/v2\/pages\/1635","targetHints":{"allow":["GET"]}}],"collection":[{"href":"https:\/\/sentus.net\/lv\/wp-json\/wp\/v2\/pages"}],"about":[{"href":"https:\/\/sentus.net\/lv\/wp-json\/wp\/v2\/types\/page"}],"author":[{"embeddable":true,"href":"https:\/\/sentus.net\/lv\/wp-json\/wp\/v2\/users\/1"}],"replies":[{"embeddable":true,"href":"https:\/\/sentus.net\/lv\/wp-json\/wp\/v2\/comments?post=1635"}],"version-history":[{"count":23,"href":"https:\/\/sentus.net\/lv\/wp-json\/wp\/v2\/pages\/1635\/revisions"}],"predecessor-version":[{"id":2121,"href":"https:\/\/sentus.net\/lv\/wp-json\/wp\/v2\/pages\/1635\/revisions\/2121"}],"up":[{"embeddable":true,"href":"https:\/\/sentus.net\/lv\/wp-json\/wp\/v2\/pages\/1543"}],"wp:attachment":[{"href":"https:\/\/sentus.net\/lv\/wp-json\/wp\/v2\/media?parent=1635"}],"curies":[{"name":"wp","href":"https:\/\/api.w.org\/{rel}","templated":true}]}}