{"id":1627,"date":"2021-07-03T09:14:07","date_gmt":"2021-07-03T09:14:07","guid":{"rendered":"https:\/\/eclipse:8890\/?page_id=1627"},"modified":"2023-08-25T14:22:25","modified_gmt":"2023-08-25T14:22:25","slug":"ecommerce-development","status":"publish","type":"page","link":"https:\/\/sentus.net\/lv\/web-development\/ecommerce-development\/","title":{"rendered":"E-komercijas att\u012bst\u012bba"},"content":{"rendered":"<h3>Att\u012bstiet savu biznesu, p\u0101rdodot produktus un pakalpojumus tie\u0161saist\u0113<br \/>\n<\/h3>\n<p>\t\t\t        <!-- Start Service Area  --><\/p>\n<h2>M\u0113s veidojam piel\u0101gotus e-komercijas risin\u0101jumus<\/h2>\n<p>M\u0113s izstr\u0101d\u0101jam piel\u0101gotus tie\u0161saistes veikalus, iepirkumu grozus, pas\u016bt\u012bjumu p\u0101rvald\u012bbas sist\u0113mas un maks\u0101jumu sist\u0113mas, kas ir pieejamas no j\u016bsu WordPress vietnes.\n<\/p>\n<p>                                                                    <a href=\"#\"  ><\/p>\n<h3>Maks\u0101jumi<\/h3>\n<p>Maks\u0101jumus varat veikt, izmantojot Jums piem\u0113rot\u0101ko maks\u0101juma metodi -  PayPal vai kred\u012btkarti.<\/p>\n<p>                                 <\/a><br \/>\n                                                                    <a href=\"#\"  ><\/p>\n<h3>Pieg\u0101de<\/h3>\n<p>Izveidojiet veikalu, pied\u0101v\u0101jot bezmaksas pieg\u0101di vai fiks\u0113tas likmes pieg\u0101di.\n<\/p>\n<p>                                 <\/a><br \/>\n                                                                    <a href=\"#\"  ><\/p>\n<h3>Invent\u0101rs<\/h3>\n<p>\u0112rti p\u0101rvaldiet savus digit\u0101los vai fiziskos produktus. Varat b\u016bt dro\u0161s, ka j\u016bsu veikals papla\u0161in\u0101sies l\u012bdz ar j\u016bsu izaugsmi.<\/p>\n<p>                                 <\/a><br \/>\n                                                                    <a href=\"#\"  ><\/p>\n<h3>Zi\u0146o\u0161ana<\/h3>\n<p>\u0112rti p\u0101rvaldiet ien\u0101ko\u0161os p\u0101rdo\u0161anas dar\u012bjumus un atsauksmes, kr\u0101jumu l\u012bmeni un visp\u0101r\u0113jo veikala veiktsp\u0113ju.<\/p>\n<p>                                 <\/a><br \/>\n                                                                    <a href=\"#\"  ><\/p>\n<h3>M\u0101rketings<\/h3>\n<p>Veiciet m\u0101rketinga kampa\u0146as, pied\u0101v\u0101jot da\u017e\u0101das atlai\u017eu iesp\u0113jas, k\u0101 ar\u012b bezmaksas pieg\u0101di.<\/p>\n<p>                                 <\/a><br \/>\n                                                                    <a href=\"#\"  ><\/p>\n<h3>Nodok\u013ci<\/h3>\n<p>Jaut\u0101jumu par nodok\u013ciem esam padar\u012bju\u0161i vienk\u0101r\u0161u. Konfigur\u0113jiet nodok\u013cu iestat\u012bjumus saska\u0146\u0101 ar viet\u0113j\u0101m nodok\u013cu likm\u0113m.\n<\/p>\n<p>                                 <\/a><br \/>\n        <!-- Start Service Area  --><\/p>\n<h2>Sa\u0146emiet bezmaksas tie\u0161saistes konsult\u0101ciju!<\/h2>\n\n<div class=\"wpcf7 no-js\" id=\"wpcf7-f1822-o1\" lang=\"en-US\" dir=\"ltr\">\n<div class=\"screen-reader-response\"><p role=\"status\" aria-live=\"polite\" aria-atomic=\"true\"><\/p> <ul><\/ul><\/div>\n<form action=\"\/lv\/wp-json\/wp\/v2\/pages\/1627#wpcf7-f1822-o1\" method=\"post\" class=\"wpcf7-form init\" aria-label=\"Contact form\" novalidate=\"novalidate\" data-status=\"init\" data-trp-original-action=\"\/lv\/wp-json\/wp\/v2\/pages\/1627#wpcf7-f1822-o1\">\n<div style=\"display: none;\">\n<input type=\"hidden\" name=\"_wpcf7\" value=\"1822\" \/>\n<input type=\"hidden\" name=\"_wpcf7_version\" value=\"5.8\" \/>\n<input type=\"hidden\" name=\"_wpcf7_locale\" value=\"en_US\" \/>\n<input type=\"hidden\" name=\"_wpcf7_unit_tag\" value=\"wpcf7-f1822-o1\" \/>\n<input type=\"hidden\" name=\"_wpcf7_container_post\" value=\"0\" \/>\n<input type=\"hidden\" name=\"_wpcf7_posted_data_hash\" value=\"\" \/>\n<input type=\"hidden\" name=\"_wpcf7_recaptcha_response\" value=\"\" \/>\n<\/div>\n<div class=\"form-wrap\">\n<div class=\"input-wrap\">\n<label>\n<span class=\"wpcf7-form-control-wrap\" data-name=\"your-name\"><input size=\"40\" class=\"wpcf7-form-control wpcf7-text wpcf7-validates-as-required\" aria-required=\"true\" aria-invalid=\"false\" placeholder=\"J\u016bsu v\u0101rds *\" value=\"\" type=\"text\" name=\"your-name\" \/><\/span>\n<\/label>\n\n<label>\n<span class=\"wpcf7-form-control-wrap\" data-name=\"phonetext-603\"><input size=\"40\" class=\"wpcf7-form-control wpcf7-phonetext wpcf7-validates-as-required wpcf7-text wpcf7-validates-as-phonetext\" aria-required=\"true\" aria-invalid=\"false\" placeholder=\"Phone number *\" value=\"\" type=\"text\" name=\"phonetext-603\" \/><input type=\"hidden\" name=\"phonetext-603-country-code\" class=\"wpcf7-phonetext-country-code\" \/><\/span>\n<\/label>\n\n<label>\n<span class=\"wpcf7-form-control-wrap\" data-name=\"your-email\"><input size=\"40\" class=\"wpcf7-form-control wpcf7-email wpcf7-validates-as-required wpcf7-text wpcf7-validates-as-email\" aria-required=\"true\" aria-invalid=\"false\" placeholder=\"J\u016bsu e-pasts *\" value=\"\" type=\"email\" name=\"your-email\" \/><\/span>\n<\/label>\n<\/div>\n\n<button type=\"submit\" class=\"rn-button-style--2 btn_solid\"> <span>Sa\u0146emiet konsult\u0101ciju!<\/span> <\/button>\n<\/div><div class=\"wpcf7-response-output\" aria-hidden=\"true\"><\/div>\n<input type=\"hidden\" name=\"trp-form-language\" value=\"lv\"\/><\/form>\n<\/div>","protected":false},"excerpt":{"rendered":"<p>Grow your business by selling products and services online We build custom eCommerce solutions We develop customized online stores, shopping carts, order management systems and payment systems that are accessible from within your WordPress website. Payments Collect payments through PayPal or credit cards. We can integrate almost any payment gateway into your solution. Shipping Set [&hellip;]<\/p>","protected":false},"author":1,"featured_media":0,"parent":1543,"menu_order":0,"comment_status":"closed","ping_status":"closed","template":"elementor_header_footer","meta":{"om_disable_all_campaigns":false,"inline_featured_image":false,"_monsterinsights_skip_tracking":false,"_monsterinsights_sitenote_active":false,"_monsterinsights_sitenote_note":"","_monsterinsights_sitenote_category":0,"footnotes":""},"class_list":["post-1627","page","type-page","status-publish","hentry"],"acf":[],"aioseo_notices":[],"_links":{"self":[{"href":"https:\/\/sentus.net\/lv\/wp-json\/wp\/v2\/pages\/1627","targetHints":{"allow":["GET"]}}],"collection":[{"href":"https:\/\/sentus.net\/lv\/wp-json\/wp\/v2\/pages"}],"about":[{"href":"https:\/\/sentus.net\/lv\/wp-json\/wp\/v2\/types\/page"}],"author":[{"embeddable":true,"href":"https:\/\/sentus.net\/lv\/wp-json\/wp\/v2\/users\/1"}],"replies":[{"embeddable":true,"href":"https:\/\/sentus.net\/lv\/wp-json\/wp\/v2\/comments?post=1627"}],"version-history":[{"count":8,"href":"https:\/\/sentus.net\/lv\/wp-json\/wp\/v2\/pages\/1627\/revisions"}],"predecessor-version":[{"id":1979,"href":"https:\/\/sentus.net\/lv\/wp-json\/wp\/v2\/pages\/1627\/revisions\/1979"}],"up":[{"embeddable":true,"href":"https:\/\/sentus.net\/lv\/wp-json\/wp\/v2\/pages\/1543"}],"wp:attachment":[{"href":"https:\/\/sentus.net\/lv\/wp-json\/wp\/v2\/media?parent=1627"}],"curies":[{"name":"wp","href":"https:\/\/api.w.org\/{rel}","templated":true}]}}