{"id":1609,"date":"2021-07-03T08:18:43","date_gmt":"2021-07-03T08:18:43","guid":{"rendered":"https:\/\/eclipse:8890\/?page_id=1609"},"modified":"2023-08-25T14:21:51","modified_gmt":"2023-08-25T14:21:51","slug":"wordpress-development","status":"publish","type":"page","link":"https:\/\/sentus.net\/lv\/web-development\/wordpress-development\/","title":{"rendered":"WordPress izstr\u0101de"},"content":{"rendered":"<h3>We design and develop websites on the web&#8217;s most popular content management system<br \/>\n<\/h3>\n<p>\t\t\t        <!-- Start Service Area  --><\/p>\n<h2>CMS - bezmaksas un nov\u0113rt\u0113jama<\/h2>\n<p>M\u0113s veidojam t\u012bmek\u013ca vietnes, kuras ir viegli p\u0101rvald\u012bt, redi\u0123\u0113t un atjaunin\u0101t. Mums pat\u012bk teikt: \"Ja varat to izdar\u012bt programm\u0101 Word, varat to izdar\u012bt programm\u0101 WordPress.\" Public\u0113jiet saturu tie\u0161raid\u0113 t\u012bmekl\u012b, noklik\u0161\u0137inot uz pogas.<\/p>\n<p>                                                                    <a href=\"#\"  ><\/p>\n<h3>Viegli izmantot<\/h3>\n<p>Izmantojot WordPress, saturu ir viegli pievienot, redi\u0123\u0113t un p\u0101rvald\u012bt.<\/p>\n<p>                                 <\/a><br \/>\n                                                                    <a href=\"#\"  ><\/p>\n<h3>Elast\u012bga lieto\u0161ana<\/h3>\n<p>WordPress ir popul\u0101rs visu veidu organiz\u0101cij\u0101s. M\u0113s veidojam vietnes uz\u0146\u0113mumiem, skol\u0101m, bezpe\u013c\u0146as organiz\u0101cij\u0101m, valsts a\u0123ent\u016br\u0101m, e-komercijai un citiem.\n<\/p>\n<p>                                 <\/a><br \/>\n                                                                    <a href=\"#\"  ><\/p>\n<h3>Bez robe\u017e\u0101m<\/h3>\n<p>Izveidojiet neierobe\u017eotu skaitu lapu, zi\u0146u, fotoatt\u0113lu, produktu, videoklipu un multivides atkar\u012bb\u0101 no j\u016bsu izt\u0113les. WordPress ir atv\u0113rt\u0101 koda avots un ir izveidots bez ierobe\u017eojumiem.\n<\/p>\n<p>                                 <\/a><br \/>\n                                                                    <a href=\"#\"  ><\/p>\n<h3>Lietot\u0101ju p\u0101rvald\u012bba<\/h3>\n<p>Administratoriem, redaktoriem un citiem lietot\u0101jiem ir iesp\u0113jas piek\u013c\u016bt tiem r\u012bkiem, kas vi\u0146iem nepiecie\u0161ami.<\/p>\n<p>                                 <\/a><br \/>\n                                                                    <a href=\"#\"  ><\/p>\n<h3>Optimiz\u0113ta mekl\u0113t\u0101jprogramma<\/h3>\n<p>Koda strukt\u016bra, ko izmantojam WordPress viet\u0146u izveidei, par 80\u201390% nodro\u0161ina j\u016bsu organiz\u0101ciju mekl\u0113t\u0101jprogrammu optimiz\u0101ciju.\n<\/p>\n<p>                                 <\/a><br \/>\n                                                                    <a href=\"#\"  ><\/p>\n<h3>Atv\u0113rt\u0101 koda un bezmaksas<\/h3>\n<p>WordPress ir piln\u012bb\u0101 atv\u0113rts avots, un to var bez maksas licenc\u0113t.\n<\/p>\n<p>                                 <\/a><br \/>\n        <!-- Start Service Area  --><\/p>\n<h2>Sa\u0146emiet bezmaksas tie\u0161saistes konsult\u0101ciju!<\/h2>\n<p>\t\t\n<div class=\"wpcf7 no-js\" id=\"wpcf7-f1822-o1\" lang=\"en-US\" dir=\"ltr\">\n<div class=\"screen-reader-response\"><p role=\"status\" aria-live=\"polite\" aria-atomic=\"true\"><\/p> <ul><\/ul><\/div>\n<form action=\"\/lv\/wp-json\/wp\/v2\/pages\/1609#wpcf7-f1822-o1\" method=\"post\" class=\"wpcf7-form init\" aria-label=\"Contact form\" novalidate=\"novalidate\" data-status=\"init\" data-trp-original-action=\"\/lv\/wp-json\/wp\/v2\/pages\/1609#wpcf7-f1822-o1\">\n<div style=\"display: none;\">\n<input type=\"hidden\" name=\"_wpcf7\" value=\"1822\" \/>\n<input type=\"hidden\" name=\"_wpcf7_version\" value=\"5.8\" \/>\n<input type=\"hidden\" name=\"_wpcf7_locale\" value=\"en_US\" \/>\n<input type=\"hidden\" name=\"_wpcf7_unit_tag\" value=\"wpcf7-f1822-o1\" \/>\n<input type=\"hidden\" name=\"_wpcf7_container_post\" value=\"0\" \/>\n<input type=\"hidden\" name=\"_wpcf7_posted_data_hash\" value=\"\" \/>\n<input type=\"hidden\" name=\"_wpcf7_recaptcha_response\" value=\"\" \/>\n<\/div>\n<div class=\"form-wrap\">\n<div class=\"input-wrap\">\n<label>\n<span class=\"wpcf7-form-control-wrap\" data-name=\"your-name\"><input size=\"40\" class=\"wpcf7-form-control wpcf7-text wpcf7-validates-as-required\" aria-required=\"true\" aria-invalid=\"false\" placeholder=\"J\u016bsu v\u0101rds *\" value=\"\" type=\"text\" name=\"your-name\" \/><\/span>\n<\/label>\n\n<label>\n<span class=\"wpcf7-form-control-wrap\" data-name=\"phonetext-603\"><input size=\"40\" class=\"wpcf7-form-control wpcf7-phonetext wpcf7-validates-as-required wpcf7-text wpcf7-validates-as-phonetext\" aria-required=\"true\" aria-invalid=\"false\" placeholder=\"Phone number *\" value=\"\" type=\"text\" name=\"phonetext-603\" \/><input type=\"hidden\" name=\"phonetext-603-country-code\" class=\"wpcf7-phonetext-country-code\" \/><\/span>\n<\/label>\n\n<label>\n<span class=\"wpcf7-form-control-wrap\" data-name=\"your-email\"><input size=\"40\" class=\"wpcf7-form-control wpcf7-email wpcf7-validates-as-required wpcf7-text wpcf7-validates-as-email\" aria-required=\"true\" aria-invalid=\"false\" placeholder=\"J\u016bsu e-pasts *\" value=\"\" type=\"email\" name=\"your-email\" \/><\/span>\n<\/label>\n<\/div>\n\n<button type=\"submit\" class=\"rn-button-style--2 btn_solid\"> <span>Sa\u0146emiet konsult\u0101ciju!<\/span> <\/button>\n<\/div><div class=\"wpcf7-response-output\" aria-hidden=\"true\"><\/div>\n<input type=\"hidden\" name=\"trp-form-language\" value=\"lv\"\/><\/form>\n<\/div>\n<br \/>\n\t\t\t        <!-- Start Service Area  --><\/p>\n<h2>M\u0113s varam izstr\u0101d\u0101t un izveidot jebko, izmantojot WordPress<\/h2>\n<p>                                                                    <a href=\"#\"  ><\/p>\n<h3>E-komercijas risin\u0101jumi<\/h3>\n<p>Veikali, abonementi, ziedojumi un dal\u012bba.<\/p>\n<p>                                 <\/a><br \/>\n                                                                    <a href=\"#\"  ><\/p>\n<h3>Kopienas telpas un forumi<\/h3>\n<p>Zi\u0146ojumu d\u0113\u013ci, soci\u0101lie t\u012bkli, forumi, grupas un profili.\n<\/p>\n<p>                                 <\/a><br \/>\n                                                                    <a href=\"#\"  ><\/p>\n<h3>Tie\u0161saistes failu koplieto\u0161anas kr\u0101tuves<\/h3>\n<p>Dal\u012bbnieku zonas, klientu dar\u012bjumu telpas, priv\u0101ta sazi\u0146a un failu koplieto\u0161ana.<\/p>\n<p>                                 <\/a><br \/>\n                                                                    <a href=\"#\"  ><\/p>\n<h3>Google kartes integr\u0101cijas<\/h3>\n<p>Mekl\u0113\u0161anas saraksts kart\u0113, \u0123eogr\u0101fisk\u0101 atra\u0161an\u0101s vieta, nor\u0101des un atra\u0161an\u0101s vietas specifiskais saturs.<\/p>\n<p>                                 <\/a><br \/>\n                                                                    <a href=\"#\"  ><\/p>\n<h3>Soci\u0101lo mediju savienojumi<\/h3>\n<p>Public\u0113jiet savu saturu soci\u0101lajos medijos, \u013caujiet apmekl\u0113t\u0101jiem sazin\u0101ties ar saviem soci\u0101lajiem kontiem.<\/p>\n<p>                                 <\/a><br \/>\n                                                                    <a href=\"#\"  ><\/p>\n<h3>Piel\u0101gotas datu b\u0101zes<\/h3>\n<p>Public\u0113jiet datub\u0101zi par jebko \u2014 produktiem, cilv\u0113kiem, notikumiem, \u012bpa\u0161umiem un daudz ko citu.\n<\/p>\n<p>                                 <\/a><br \/>\n        <!-- Start Service Area  --><\/p>","protected":false},"excerpt":{"rendered":"<p>We design and develop websites on the web&#8217;s most popular content management system A CMS that is Free and Priceless We build websites that are easy to manage, edit, and update. We like to say \u201cIf you can do it in Word, you can do it in WordPress.\u201d Publish content live to the web with [&hellip;]<\/p>","protected":false},"author":1,"featured_media":0,"parent":1543,"menu_order":0,"comment_status":"closed","ping_status":"closed","template":"elementor_header_footer","meta":{"om_disable_all_campaigns":false,"inline_featured_image":false,"_monsterinsights_skip_tracking":false,"_monsterinsights_sitenote_active":false,"_monsterinsights_sitenote_note":"","_monsterinsights_sitenote_category":0,"footnotes":""},"class_list":["post-1609","page","type-page","status-publish","hentry"],"acf":[],"aioseo_notices":[],"_links":{"self":[{"href":"https:\/\/sentus.net\/lv\/wp-json\/wp\/v2\/pages\/1609","targetHints":{"allow":["GET"]}}],"collection":[{"href":"https:\/\/sentus.net\/lv\/wp-json\/wp\/v2\/pages"}],"about":[{"href":"https:\/\/sentus.net\/lv\/wp-json\/wp\/v2\/types\/page"}],"author":[{"embeddable":true,"href":"https:\/\/sentus.net\/lv\/wp-json\/wp\/v2\/users\/1"}],"replies":[{"embeddable":true,"href":"https:\/\/sentus.net\/lv\/wp-json\/wp\/v2\/comments?post=1609"}],"version-history":[{"count":18,"href":"https:\/\/sentus.net\/lv\/wp-json\/wp\/v2\/pages\/1609\/revisions"}],"predecessor-version":[{"id":1976,"href":"https:\/\/sentus.net\/lv\/wp-json\/wp\/v2\/pages\/1609\/revisions\/1976"}],"up":[{"embeddable":true,"href":"https:\/\/sentus.net\/lv\/wp-json\/wp\/v2\/pages\/1543"}],"wp:attachment":[{"href":"https:\/\/sentus.net\/lv\/wp-json\/wp\/v2\/media?parent=1609"}],"curies":[{"name":"wp","href":"https:\/\/api.w.org\/{rel}","templated":true}]}}